{"id":405,"date":"2017-07-04T09:30:34","date_gmt":"2017-07-04T07:30:34","guid":{"rendered":"http:\/\/wodgear.sk\/?post_type=product&#038;p=405"},"modified":"2024-11-13T09:12:56","modified_gmt":"2024-11-13T08:12:56","slug":"indoor-safety-beams","status":"publish","type":"product","link":"https:\/\/wodgear.sk\/en\/product\/indoor-safety-beams\/","title":{"rendered":"SAFETY BEAMS"},"content":{"rendered":"<!DOCTYPE html PUBLIC \"-\/\/W3C\/\/DTD HTML 4.0 Transitional\/\/EN\" \"http:\/\/www.w3.org\/TR\/REC-html40\/loose.dtd\">\n<html><head><meta http-equiv=\"content-type\" content=\"text\/html; charset=utf-8\"><\/head><body><p>These safety beams are primarily intended for squat stations of RACK and RIG constructions. They serve as emergency holders for the Olympic bar when doing squats, bench-pressing and other exercises. They are easily movable and withstand extremely heavy pressure thanks to the modern design. You can simply fold it and use it as regular upright. UHMW wear strips protect the dumbbell from damage. The second wear strip on the back protects the construction.<\/p>\n<\/body><\/html>","protected":false},"excerpt":{"rendered":"<table>\n<tbody>\n<tr>\n<td>Minimal capacity:<\/td>\n<td>350 kg\/pair<\/td>\n<\/tr>\n<tr>\n<td>Length:<\/td>\n<td>1080 mm<\/td>\n<\/tr>\n<tr>\n<td>Profile:<\/td>\n<td>80x80x3\/4 mm<\/td>\n<\/tr>\n<tr>\n<td>Presun:<\/td>\n<td>nerezov\u00fdm kol\u00edkom<\/td>\n<\/tr>\n<tr>\n<td>Wear strips:<\/td>\n<td>plast &#8211; UHMW<\/td>\n<\/tr>\n<tr>\n<td>Info:<\/td>\n<td>je mo\u017en\u00e9 doda\u0165 aj s magnetick\u00fdmi kol\u00edkmi<\/td>\n<\/tr>\n<tr>\n<td>Color:<\/td>\n<td>pod\u013ea palety <a href=\"https:\/\/wodgear.sk\/wp-content\/uploads\/2024\/11\/vzorkovnik_palety_ral.pdf\"><span style=\"color: #000000;\">RAL<\/span><\/a><\/td>\n<\/tr>\n<tr>\n<td>Manufacturer:<\/td>\n<td>WODGEAR, s.r.o. SVK<\/td>\n<\/tr>\n<\/tbody>\n<\/table>","protected":false},"featured_media":25873,"template":"","meta":[],"yoast_head":"<!-- This site is optimized with the Yoast SEO plugin v14.8.1 - https:\/\/yoast.com\/wordpress\/plugins\/seo\/ -->\n<title>WODGEAR | SAFETY BEAMS<\/title>\n<meta name=\"description\" content=\"Tieto pomocn\u00e9 ramen\u00e1 s\u00fa prim\u00e1rne ur\u010den\u00e9 na drepovacie stanovi\u0161tia na\u0161ich silov\u00fdch kon\u0161trukci\u00ed. Sl\u00fa\u017eia ako n\u00fadzov\u00e9 odkladanie olympijsk\u00fdch \u010diniek.\" \/>\n<meta name=\"robots\" content=\"index, follow\" \/>\n<meta name=\"googlebot\" content=\"index, follow, max-snippet:-1, max-image-preview:large, max-video-preview:-1\" \/>\n<meta name=\"bingbot\" content=\"index, follow, max-snippet:-1, max-image-preview:large, max-video-preview:-1\" \/>\n<link rel=\"canonical\" href=\"https:\/\/wodgear.sk\/en\/product\/indoor-safety-beams\/\" \/>\n<meta property=\"og:locale\" content=\"en_US\" \/>\n<meta property=\"og:type\" content=\"article\" \/>\n<meta property=\"og:title\" content=\"WODGEAR | SAFETY BEAMS\" \/>\n<meta property=\"og:description\" content=\"Tieto pomocn\u00e9 ramen\u00e1 s\u00fa prim\u00e1rne ur\u010den\u00e9 na drepovacie stanovi\u0161tia na\u0161ich silov\u00fdch kon\u0161trukci\u00ed. Sl\u00fa\u017eia ako n\u00fadzov\u00e9 odkladanie olympijsk\u00fdch \u010diniek.\" \/>\n<meta property=\"og:url\" content=\"https:\/\/wodgear.sk\/en\/product\/indoor-safety-beams\/\" \/>\n<meta property=\"og:site_name\" content=\"WODGEAR\" \/>\n<meta property=\"article:modified_time\" content=\"2024-11-13T08:12:56+00:00\" \/>\n<meta property=\"og:image\" content=\"https:\/\/wodgear.sk\/wp-content\/uploads\/2024\/09\/safety_beams_seo.png\" \/>\n\t<meta property=\"og:image:width\" content=\"1200\" \/>\n\t<meta property=\"og:image:height\" content=\"800\" \/>\n<meta name=\"twitter:card\" content=\"summary_large_image\" \/>\n<script type=\"application\/ld+json\" class=\"yoast-schema-graph\">{\"@context\":\"https:\/\/schema.org\",\"@graph\":[{\"@type\":\"WebSite\",\"@id\":\"https:\/\/wodgear.sk\/en\/#website\",\"url\":\"https:\/\/wodgear.sk\/en\/\",\"name\":\"WODGEAR\",\"description\":\"#MakingLifeHarder\",\"potentialAction\":[{\"@type\":\"SearchAction\",\"target\":\"https:\/\/wodgear.sk\/en\/?s={search_term_string}\",\"query-input\":\"required name=search_term_string\"}],\"inLanguage\":\"en-US\"},{\"@type\":\"ImageObject\",\"@id\":\"https:\/\/wodgear.sk\/produkt\/indoor-safety-beams\/#primaryimage\",\"inLanguage\":\"en-US\",\"url\":\"https:\/\/wodgear.sk\/wp-content\/uploads\/2024\/09\/safety_beams_seo.png\",\"width\":1200,\"height\":800},{\"@type\":\"WebPage\",\"@id\":\"https:\/\/wodgear.sk\/produkt\/indoor-safety-beams\/#webpage\",\"url\":\"https:\/\/wodgear.sk\/produkt\/indoor-safety-beams\/\",\"name\":\"WODGEAR | SAFETY BEAMS\",\"isPartOf\":{\"@id\":\"https:\/\/wodgear.sk\/en\/#website\"},\"primaryImageOfPage\":{\"@id\":\"https:\/\/wodgear.sk\/produkt\/indoor-safety-beams\/#primaryimage\"},\"datePublished\":\"2017-07-04T07:30:34+00:00\",\"dateModified\":\"2024-11-13T08:12:56+00:00\",\"description\":\"Tieto pomocn\\u00e9 ramen\\u00e1 s\\u00fa prim\\u00e1rne ur\\u010den\\u00e9 na drepovacie stanovi\\u0161tia na\\u0161ich silov\\u00fdch kon\\u0161trukci\\u00ed. Sl\\u00fa\\u017eia ako n\\u00fadzov\\u00e9 odkladanie olympijsk\\u00fdch \\u010diniek.\",\"inLanguage\":\"en-US\",\"potentialAction\":[{\"@type\":\"ReadAction\",\"target\":[\"https:\/\/wodgear.sk\/produkt\/indoor-safety-beams\/\"]}]}]}<\/script>\n<!-- \/ Yoast SEO plugin. -->","_links":{"self":[{"href":"https:\/\/wodgear.sk\/en\/wp-json\/wp\/v2\/product\/405"}],"collection":[{"href":"https:\/\/wodgear.sk\/en\/wp-json\/wp\/v2\/product"}],"about":[{"href":"https:\/\/wodgear.sk\/en\/wp-json\/wp\/v2\/types\/product"}],"wp:featuredmedia":[{"embeddable":true,"href":"https:\/\/wodgear.sk\/en\/wp-json\/wp\/v2\/media\/25873"}],"wp:attachment":[{"href":"https:\/\/wodgear.sk\/en\/wp-json\/wp\/v2\/media?parent=405"}],"curies":[{"name":"wp","href":"https:\/\/api.w.org\/{rel}","templated":true}]}}