{"id":446,"date":"2017-07-04T09:57:54","date_gmt":"2017-07-04T07:57:54","guid":{"rendered":"http:\/\/wodgear.sk\/?post_type=product&#038;p=446"},"modified":"2024-11-14T17:27:55","modified_gmt":"2024-11-14T16:27:55","slug":"indoor-ring-hanger","status":"publish","type":"product","link":"https:\/\/wodgear.sk\/en\/product\/indoor-ring-hanger\/","title":{"rendered":"RING HANGER"},"content":{"rendered":"<!DOCTYPE html PUBLIC \"-\/\/W3C\/\/DTD HTML 4.0 Transitional\/\/EN\" \"http:\/\/www.w3.org\/TR\/REC-html40\/loose.dtd\">\n<html><head><meta http-equiv=\"content-type\" content=\"text\/html; charset=utf-8\"><\/head><body><p>RING HANGERs are mounted to CROSSMEMBER or HANGER to attach gymnastic rings, heavy bags or TRX. They offer truly firm and quick attachment of accessories without damaging them. We provide steel and also stainless versions.<\/p>\n<\/body><\/html>","protected":false},"excerpt":{"rendered":"<table>\n<tbody>\n<tr>\n<td>Mounting:<\/td>\n<td>for hook\/nylon strap<\/td>\n<\/tr>\n<tr>\n<td>Material:<\/td>\n<td>steel\/stainless<\/td>\n<\/tr>\n<tr>\n<td>Presun:<\/td>\n<td>fixn\u00e9<\/td>\n<\/tr>\n<tr>\n<td>Info:<\/td>\n<td>je mo\u017en\u00e9 doda\u0165 aj s karab\u00ednou<\/td>\n<\/tr>\n<tr>\n<td>Color:<\/td>\n<td>pod\u013ea palety <a href=\"https:\/\/wodgear.sk\/wp-content\/uploads\/2024\/11\/vzorkovnik_palety_ral.pdf\"><span style=\"color: #000000;\">RAL<\/span><\/a><\/td>\n<\/tr>\n<tr>\n<td>Manufacturer:<\/td>\n<td>WODGEAR, s.r.o. SVK<\/td>\n<\/tr>\n<\/tbody>\n<\/table>","protected":false},"featured_media":15028,"template":"","meta":[],"yoast_head":"<!-- This site is optimized with the Yoast SEO plugin v14.8.1 - https:\/\/yoast.com\/wordpress\/plugins\/seo\/ -->\n<title>WODGEAR | RING HANGER<\/title>\n<meta name=\"description\" content=\"Tieto uchytenia na gymnastick\u00e9 kruhy, boxovacie vrece alebo trx sa upev\u0148uj\u00fa priamo na CROSSMEMBER prie\u010dku alebo HANGER nosn\u00edk silovej kon\u0161trukcie.\" \/>\n<meta name=\"robots\" content=\"index, follow\" \/>\n<meta name=\"googlebot\" content=\"index, follow, max-snippet:-1, max-image-preview:large, max-video-preview:-1\" \/>\n<meta name=\"bingbot\" content=\"index, follow, max-snippet:-1, max-image-preview:large, max-video-preview:-1\" \/>\n<link rel=\"canonical\" href=\"https:\/\/wodgear.sk\/en\/product\/indoor-ring-hanger\/\" \/>\n<meta property=\"og:locale\" content=\"en_US\" \/>\n<meta property=\"og:type\" content=\"article\" \/>\n<meta property=\"og:title\" content=\"WODGEAR | RING HANGER\" \/>\n<meta property=\"og:description\" content=\"Tieto uchytenia na gymnastick\u00e9 kruhy, boxovacie vrece alebo trx sa upev\u0148uj\u00fa priamo na CROSSMEMBER prie\u010dku alebo HANGER nosn\u00edk silovej kon\u0161trukcie.\" \/>\n<meta property=\"og:url\" content=\"https:\/\/wodgear.sk\/en\/product\/indoor-ring-hanger\/\" \/>\n<meta property=\"og:site_name\" content=\"WODGEAR\" \/>\n<meta property=\"article:modified_time\" content=\"2024-11-14T16:27:55+00:00\" \/>\n<meta property=\"og:image\" content=\"https:\/\/wodgear.sk\/wp-content\/uploads\/2020\/02\/ring_hanger_seo.png\" \/>\n\t<meta property=\"og:image:width\" content=\"1200\" \/>\n\t<meta property=\"og:image:height\" content=\"800\" \/>\n<meta name=\"twitter:card\" content=\"summary_large_image\" \/>\n<script type=\"application\/ld+json\" class=\"yoast-schema-graph\">{\"@context\":\"https:\/\/schema.org\",\"@graph\":[{\"@type\":\"WebSite\",\"@id\":\"https:\/\/wodgear.sk\/en\/#website\",\"url\":\"https:\/\/wodgear.sk\/en\/\",\"name\":\"WODGEAR\",\"description\":\"#MakingLifeHarder\",\"potentialAction\":[{\"@type\":\"SearchAction\",\"target\":\"https:\/\/wodgear.sk\/en\/?s={search_term_string}\",\"query-input\":\"required name=search_term_string\"}],\"inLanguage\":\"en-US\"},{\"@type\":\"ImageObject\",\"@id\":\"https:\/\/wodgear.sk\/produkt\/indoor-ring-hanger\/#primaryimage\",\"inLanguage\":\"en-US\",\"url\":\"https:\/\/wodgear.sk\/wp-content\/uploads\/2020\/02\/ring_hanger_var_main.png\",\"width\":1200,\"height\":800},{\"@type\":\"WebPage\",\"@id\":\"https:\/\/wodgear.sk\/produkt\/indoor-ring-hanger\/#webpage\",\"url\":\"https:\/\/wodgear.sk\/produkt\/indoor-ring-hanger\/\",\"name\":\"WODGEAR | RING HANGER\",\"isPartOf\":{\"@id\":\"https:\/\/wodgear.sk\/en\/#website\"},\"primaryImageOfPage\":{\"@id\":\"https:\/\/wodgear.sk\/produkt\/indoor-ring-hanger\/#primaryimage\"},\"datePublished\":\"2017-07-04T07:57:54+00:00\",\"dateModified\":\"2024-11-14T16:27:55+00:00\",\"description\":\"Tieto uchytenia na gymnastick\\u00e9 kruhy, boxovacie vrece alebo trx sa upev\\u0148uj\\u00fa priamo na CROSSMEMBER prie\\u010dku alebo HANGER nosn\\u00edk silovej kon\\u0161trukcie.\",\"inLanguage\":\"en-US\",\"potentialAction\":[{\"@type\":\"ReadAction\",\"target\":[\"https:\/\/wodgear.sk\/produkt\/indoor-ring-hanger\/\"]}]}]}<\/script>\n<!-- \/ Yoast SEO plugin. -->","_links":{"self":[{"href":"https:\/\/wodgear.sk\/en\/wp-json\/wp\/v2\/product\/446"}],"collection":[{"href":"https:\/\/wodgear.sk\/en\/wp-json\/wp\/v2\/product"}],"about":[{"href":"https:\/\/wodgear.sk\/en\/wp-json\/wp\/v2\/types\/product"}],"wp:featuredmedia":[{"embeddable":true,"href":"https:\/\/wodgear.sk\/en\/wp-json\/wp\/v2\/media\/15028"}],"wp:attachment":[{"href":"https:\/\/wodgear.sk\/en\/wp-json\/wp\/v2\/media?parent=446"}],"curies":[{"name":"wp","href":"https:\/\/api.w.org\/{rel}","templated":true}]}}