{"id":463,"date":"2017-07-04T10:04:11","date_gmt":"2017-07-04T08:04:11","guid":{"rendered":"http:\/\/wodgear.sk\/?post_type=product&#038;p=463"},"modified":"2024-11-14T17:27:07","modified_gmt":"2024-11-14T16:27:07","slug":"indoor-skid-plate","status":"publish","type":"product","link":"https:\/\/wodgear.sk\/en\/product\/indoor-skid-plate\/","title":{"rendered":"SKID PLATE"},"content":{"rendered":"<!DOCTYPE html PUBLIC \"-\/\/W3C\/\/DTD HTML 4.0 Transitional\/\/EN\" \"http:\/\/www.w3.org\/TR\/REC-html40\/loose.dtd\">\n<html><head><meta http-equiv=\"content-type\" content=\"text\/html; charset=utf-8\"><\/head><body><p>If you cannot mount the construction to the floor, SKID PLATE is the only way to achieve sufficient stability even during the hardest training. Unique design guarantees a high construction stability despite its weight is lower than usual for other manufacturers, which makes it very easy to move and bolt the components.<\/p>\n<\/body><\/html>","protected":false},"excerpt":{"rendered":"<table>\n<tbody>\n<tr>\n<td>Rozostupy:<\/td>\n<td>1080\/1480\/1800mm \/custom-made<\/td>\n<\/tr>\n<tr>\n<td>Material:<\/td>\n<td>profiled steel<\/td>\n<\/tr>\n<tr>\n<td>Presun:<\/td>\n<td>fixn\u00e9<\/td>\n<\/tr>\n<tr>\n<td>Info:<\/td>\n<td>possibility of size customization<\/td>\n<\/tr>\n<tr>\n<td>Color:<\/td>\n<td>pod\u013ea palety <a href=\"https:\/\/wodgear.sk\/wp-content\/uploads\/2024\/11\/vzorkovnik_palety_ral.pdf\"><span style=\"color: #000000;\">RAL<\/span><\/a><\/td>\n<\/tr>\n<tr>\n<td>Manufacturer:<\/td>\n<td>WODGEAR, s.r.o. SVK<\/td>\n<\/tr>\n<\/tbody>\n<\/table>","protected":false},"featured_media":8075,"template":"","meta":[],"yoast_head":"<!-- This site is optimized with the Yoast SEO plugin v14.8.1 - https:\/\/yoast.com\/wordpress\/plugins\/seo\/ -->\n<title>WODGEAR | SKIDPLATE<\/title>\n<meta name=\"description\" content=\"Ke\u010f nem\u00f4\u017eete upevni\u0165 kon\u0161trukciu do zeme, plat\u0148a SKID PLATE je jedinou mo\u017enos\u0165ou ako dosiahnu\u0165 dostato\u010dn\u00fa stabilitu aj pri tom najn\u00e1ro\u010dnej\u0161om tr\u00e9ningu.\" \/>\n<meta name=\"robots\" content=\"index, follow\" \/>\n<meta name=\"googlebot\" content=\"index, follow, max-snippet:-1, max-image-preview:large, max-video-preview:-1\" \/>\n<meta name=\"bingbot\" content=\"index, follow, max-snippet:-1, max-image-preview:large, max-video-preview:-1\" \/>\n<link rel=\"canonical\" href=\"https:\/\/wodgear.sk\/en\/product\/indoor-skid-plate\/\" \/>\n<meta property=\"og:locale\" content=\"en_US\" \/>\n<meta property=\"og:type\" content=\"article\" \/>\n<meta property=\"og:title\" content=\"WODGEAR | SKIDPLATE\" \/>\n<meta property=\"og:description\" content=\"Ke\u010f nem\u00f4\u017eete upevni\u0165 kon\u0161trukciu do zeme, plat\u0148a SKID PLATE je jedinou mo\u017enos\u0165ou ako dosiahnu\u0165 dostato\u010dn\u00fa stabilitu aj pri tom najn\u00e1ro\u010dnej\u0161om tr\u00e9ningu.\" \/>\n<meta property=\"og:url\" content=\"https:\/\/wodgear.sk\/en\/product\/indoor-skid-plate\/\" \/>\n<meta property=\"og:site_name\" content=\"WODGEAR\" \/>\n<meta property=\"article:modified_time\" content=\"2024-11-14T16:27:07+00:00\" \/>\n<meta property=\"og:image\" content=\"https:\/\/wodgear.sk\/wp-content\/uploads\/2017\/07\/seo_skidplate.png\" \/>\n\t<meta property=\"og:image:width\" content=\"1620\" \/>\n\t<meta property=\"og:image:height\" content=\"1080\" \/>\n<meta name=\"twitter:card\" content=\"summary_large_image\" \/>\n<script type=\"application\/ld+json\" class=\"yoast-schema-graph\">{\"@context\":\"https:\/\/schema.org\",\"@graph\":[{\"@type\":\"WebSite\",\"@id\":\"https:\/\/wodgear.sk\/en\/#website\",\"url\":\"https:\/\/wodgear.sk\/en\/\",\"name\":\"WODGEAR\",\"description\":\"#MakingLifeHarder\",\"potentialAction\":[{\"@type\":\"SearchAction\",\"target\":\"https:\/\/wodgear.sk\/en\/?s={search_term_string}\",\"query-input\":\"required name=search_term_string\"}],\"inLanguage\":\"en-US\"},{\"@type\":\"ImageObject\",\"@id\":\"https:\/\/wodgear.sk\/produkt\/indoor-skid-plate\/#primaryimage\",\"inLanguage\":\"en-US\",\"url\":\"https:\/\/wodgear.sk\/wp-content\/uploads\/2019\/02\/skidplate_var_0.png\",\"width\":1620,\"height\":1080},{\"@type\":\"WebPage\",\"@id\":\"https:\/\/wodgear.sk\/produkt\/indoor-skid-plate\/#webpage\",\"url\":\"https:\/\/wodgear.sk\/produkt\/indoor-skid-plate\/\",\"name\":\"WODGEAR | SKIDPLATE\",\"isPartOf\":{\"@id\":\"https:\/\/wodgear.sk\/en\/#website\"},\"primaryImageOfPage\":{\"@id\":\"https:\/\/wodgear.sk\/produkt\/indoor-skid-plate\/#primaryimage\"},\"datePublished\":\"2017-07-04T08:04:11+00:00\",\"dateModified\":\"2024-11-14T16:27:07+00:00\",\"description\":\"Ke\\u010f nem\\u00f4\\u017eete upevni\\u0165 kon\\u0161trukciu do zeme, plat\\u0148a SKID PLATE je jedinou mo\\u017enos\\u0165ou ako dosiahnu\\u0165 dostato\\u010dn\\u00fa stabilitu aj pri tom najn\\u00e1ro\\u010dnej\\u0161om tr\\u00e9ningu.\",\"inLanguage\":\"en-US\",\"potentialAction\":[{\"@type\":\"ReadAction\",\"target\":[\"https:\/\/wodgear.sk\/produkt\/indoor-skid-plate\/\"]}]}]}<\/script>\n<!-- \/ Yoast SEO plugin. -->","_links":{"self":[{"href":"https:\/\/wodgear.sk\/en\/wp-json\/wp\/v2\/product\/463"}],"collection":[{"href":"https:\/\/wodgear.sk\/en\/wp-json\/wp\/v2\/product"}],"about":[{"href":"https:\/\/wodgear.sk\/en\/wp-json\/wp\/v2\/types\/product"}],"wp:featuredmedia":[{"embeddable":true,"href":"https:\/\/wodgear.sk\/en\/wp-json\/wp\/v2\/media\/8075"}],"wp:attachment":[{"href":"https:\/\/wodgear.sk\/en\/wp-json\/wp\/v2\/media?parent=463"}],"curies":[{"name":"wp","href":"https:\/\/api.w.org\/{rel}","templated":true}]}}