{"id":5160,"date":"2018-04-05T15:27:31","date_gmt":"2018-04-05T13:27:31","guid":{"rendered":"http:\/\/wodgear.sk\/?post_type=product&#038;p=5160"},"modified":"2024-11-14T17:22:44","modified_gmt":"2024-11-14T16:22:44","slug":"indoor-single-bar-knurl","status":"publish","type":"product","link":"https:\/\/wodgear.sk\/en\/product\/indoor-single-bar-knurl\/","title":{"rendered":"SINGLE BAR <span>knurl<\/span>"},"content":{"rendered":"<!DOCTYPE html PUBLIC \"-\/\/W3C\/\/DTD HTML 4.0 Transitional\/\/EN\" \"http:\/\/www.w3.org\/TR\/REC-html40\/loose.dtd\">\n<html><head><meta http-equiv=\"content-type\" content=\"text\/html; charset=utf-8\"><\/head><body><p>Hrazda je z\u00e1kladom ka\u017ed\u00e9ho kvalitn\u00e9ho tr\u00e9ningu. Sl\u00fa\u017ei na cvi\u010denie pr\u00ed\u0165ahov, v\u00fdmykov a in\u00fdch cvikov. Ak pri svojom tr\u00e9ningu potrebujete lep\u0161\u00ed grip, SINGLE BAR KNURL je ur\u010den\u00e1 pr\u00e1ve pre V\u00e1s. Jej povrch je s\u00fastru\u017een\u00fd-dr\u00e1\u017ekovan\u00fd pre lep\u0161iu pri\u013enavos\u0165 a tak sa minimalizuje riziko pok\u013aznutia pri cvi\u010den\u00ed. Hrazda je kompatibiln\u00e1 so v\u0161etk\u00fdmi INDOOR kon\u0161trukciami a po \u00faprave je mo\u017en\u00e9 ju osadi\u0165 aj na na\u0161e OUTDOOR a GARDEN kon\u0161trukcie. T\u00e1to hrazda je vyroben\u00e1 z odolnej hrubostennej nerezovej ocele a vydr\u017eia aj ten naj\u0165a\u017e\u0161\u00ed tr\u00e9ning.<\/p>\n<\/body><\/html>","protected":false},"excerpt":{"rendered":"<table>\n<tbody>\n<tr>\n<td>Length:<\/td>\n<td>1080mm \/custom-made<\/td>\n<\/tr>\n<tr>\n<td>Diameter:<\/td>\n<td>34 mm<\/td>\n<\/tr>\n<tr>\n<td>Presun:<\/td>\n<td>fixn\u00e9<\/td>\n<\/tr>\n<tr>\n<td>Material:<\/td>\n<td>stainless<\/td>\n<\/tr>\n<tr>\n<td>Surface:<\/td>\n<td>s\u00fastru\u017een\u00fd &#8211; dr\u00e1\u017ekovan\u00fd<\/td>\n<\/tr>\n<tr>\n<td>Info:<\/td>\n<td>possible to custom-made the length<\/td>\n<\/tr>\n<tr>\n<td>Manufacturer:<\/td>\n<td>WODGEAR, s.r.o. SVK<\/td>\n<\/tr>\n<\/tbody>\n<\/table>","protected":false},"featured_media":18374,"template":"","meta":[],"yoast_head":"<!-- This site is optimized with the Yoast SEO plugin v14.8.1 - https:\/\/yoast.com\/wordpress\/plugins\/seo\/ -->\n<title>WODGEAR | SINGLE BAR KURL<\/title>\n<meta name=\"description\" content=\"Hrazda je z\u00e1kladom ka\u017ed\u00e9ho kvalitn\u00e9ho tr\u00e9ningu. Ak pri svojom tr\u00e9ningu potrebujete lep\u0161\u00ed grip, SINGLE BAR KURL je ur\u010den\u00e1 pr\u00e1ve pre V\u00e1s.\" \/>\n<meta name=\"robots\" content=\"index, follow\" \/>\n<meta name=\"googlebot\" content=\"index, follow, max-snippet:-1, max-image-preview:large, max-video-preview:-1\" \/>\n<meta name=\"bingbot\" content=\"index, follow, max-snippet:-1, max-image-preview:large, max-video-preview:-1\" \/>\n<link rel=\"canonical\" href=\"https:\/\/wodgear.sk\/en\/product\/indoor-single-bar-knurl\/\" \/>\n<meta property=\"og:locale\" content=\"en_US\" \/>\n<meta property=\"og:type\" content=\"article\" \/>\n<meta property=\"og:title\" content=\"WODGEAR | SINGLE BAR KURL\" \/>\n<meta property=\"og:description\" content=\"Hrazda je z\u00e1kladom ka\u017ed\u00e9ho kvalitn\u00e9ho tr\u00e9ningu. Ak pri svojom tr\u00e9ningu potrebujete lep\u0161\u00ed grip, SINGLE BAR KURL je ur\u010den\u00e1 pr\u00e1ve pre V\u00e1s.\" \/>\n<meta property=\"og:url\" content=\"https:\/\/wodgear.sk\/en\/product\/indoor-single-bar-knurl\/\" \/>\n<meta property=\"og:site_name\" content=\"WODGEAR\" \/>\n<meta property=\"article:modified_time\" content=\"2024-11-14T16:22:44+00:00\" \/>\n<meta name=\"twitter:card\" content=\"summary_large_image\" \/>\n<meta name=\"twitter:image\" content=\"https:\/\/wodgear.sk\/wp-content\/uploads\/2020\/05\/single_bar_knurl_var_main.png\" \/>\n<script type=\"application\/ld+json\" class=\"yoast-schema-graph\">{\"@context\":\"https:\/\/schema.org\",\"@graph\":[{\"@type\":\"WebSite\",\"@id\":\"https:\/\/wodgear.sk\/en\/#website\",\"url\":\"https:\/\/wodgear.sk\/en\/\",\"name\":\"WODGEAR\",\"description\":\"#MakingLifeHarder\",\"potentialAction\":[{\"@type\":\"SearchAction\",\"target\":\"https:\/\/wodgear.sk\/en\/?s={search_term_string}\",\"query-input\":\"required name=search_term_string\"}],\"inLanguage\":\"en-US\"},{\"@type\":\"ImageObject\",\"@id\":\"https:\/\/wodgear.sk\/produkt\/indoor-single-bar-knurl\/#primaryimage\",\"inLanguage\":\"en-US\",\"url\":\"https:\/\/wodgear.sk\/wp-content\/uploads\/2020\/05\/single_bar_knurl_var_main.png\",\"width\":1200,\"height\":800},{\"@type\":\"WebPage\",\"@id\":\"https:\/\/wodgear.sk\/produkt\/indoor-single-bar-knurl\/#webpage\",\"url\":\"https:\/\/wodgear.sk\/produkt\/indoor-single-bar-knurl\/\",\"name\":\"WODGEAR | SINGLE BAR KURL\",\"isPartOf\":{\"@id\":\"https:\/\/wodgear.sk\/en\/#website\"},\"primaryImageOfPage\":{\"@id\":\"https:\/\/wodgear.sk\/produkt\/indoor-single-bar-knurl\/#primaryimage\"},\"datePublished\":\"2018-04-05T13:27:31+00:00\",\"dateModified\":\"2024-11-14T16:22:44+00:00\",\"description\":\"Hrazda je z\\u00e1kladom ka\\u017ed\\u00e9ho kvalitn\\u00e9ho tr\\u00e9ningu. Ak pri svojom tr\\u00e9ningu potrebujete lep\\u0161\\u00ed grip, SINGLE BAR KURL je ur\\u010den\\u00e1 pr\\u00e1ve pre V\\u00e1s.\",\"inLanguage\":\"en-US\",\"potentialAction\":[{\"@type\":\"ReadAction\",\"target\":[\"https:\/\/wodgear.sk\/produkt\/indoor-single-bar-knurl\/\"]}]}]}<\/script>\n<!-- \/ Yoast SEO plugin. -->","_links":{"self":[{"href":"https:\/\/wodgear.sk\/en\/wp-json\/wp\/v2\/product\/5160"}],"collection":[{"href":"https:\/\/wodgear.sk\/en\/wp-json\/wp\/v2\/product"}],"about":[{"href":"https:\/\/wodgear.sk\/en\/wp-json\/wp\/v2\/types\/product"}],"wp:featuredmedia":[{"embeddable":true,"href":"https:\/\/wodgear.sk\/en\/wp-json\/wp\/v2\/media\/18374"}],"wp:attachment":[{"href":"https:\/\/wodgear.sk\/en\/wp-json\/wp\/v2\/media?parent=5160"}],"curies":[{"name":"wp","href":"https:\/\/api.w.org\/{rel}","templated":true}]}}