{"id":5503,"date":"2018-05-19T10:17:18","date_gmt":"2018-05-19T08:17:18","guid":{"rendered":"http:\/\/wodgear.sk\/?post_type=product&#038;p=5503"},"modified":"2025-02-26T18:21:17","modified_gmt":"2025-02-26T17:21:17","slug":"indoor-quick-bar","status":"publish","type":"product","link":"https:\/\/wodgear.sk\/en\/product\/indoor-quick-bar\/","title":{"rendered":"QUICK BAR"},"content":{"rendered":"<!DOCTYPE html PUBLIC \"-\/\/W3C\/\/DTD HTML 4.0 Transitional\/\/EN\" \"http:\/\/www.w3.org\/TR\/REC-html40\/loose.dtd\">\n<html><head><meta http-equiv=\"content-type\" content=\"text\/html; charset=utf-8\"><\/head><body><p>QUICK BAR is an answer for the need of a height-adjustable bar. Thanks to the smart system it is both easy to move and also to bolt. To change the height of the bar for upswings and chin-ups will be easier than ever thanks to QUICK BAR.<\/p>\n<\/body><\/html>","protected":false},"excerpt":{"rendered":"<table>\n<tbody>\n<tr>\n<td>Length:<\/td>\n<td>1080mm \/custom-made<\/td>\n<\/tr>\n<tr>\n<td>Diameter:<\/td>\n<td>34 mm<\/td>\n<\/tr>\n<tr>\n<td>Presun:<\/td>\n<td>ru\u010dnou maticou<\/td>\n<\/tr>\n<tr>\n<td>Info:<\/td>\n<td>possibility to make with your own logo<\/td>\n<\/tr>\n<tr>\n<td>Color:<\/td>\n<td>pod\u013ea palety <a href=\"https:\/\/wodgear.sk\/wp-content\/uploads\/2024\/11\/vzorkovnik_palety_ral.pdf\"><span style=\"color: #000000;\">RAL<\/span><\/a><\/td>\n<\/tr>\n<tr>\n<td>Manufacturer:<\/td>\n<td>WODGEAR, s.r.o. SVK<\/td>\n<\/tr>\n<\/tbody>\n<\/table>","protected":false},"featured_media":25802,"template":"","meta":[],"yoast_head":"<!-- This site is optimized with the Yoast SEO plugin v14.8.1 - https:\/\/yoast.com\/wordpress\/plugins\/seo\/ -->\n<title>WODGEAR | QUICK BAR<\/title>\n<meta name=\"description\" content=\"QUICK BAR je odpove\u010fou pre potrebu r\u00fdchleho nastavenia v\u00fd\u0161ky hrazdy. V\u010faka d\u00f4myseln\u00e9mu syst\u00e9mu je premiestnenie bezprobl\u00e9mov\u00e9 a uchytenie ve\u013emi stabiln\u00e9.\" \/>\n<meta name=\"robots\" content=\"index, follow\" \/>\n<meta name=\"googlebot\" content=\"index, follow, max-snippet:-1, max-image-preview:large, max-video-preview:-1\" \/>\n<meta name=\"bingbot\" content=\"index, follow, max-snippet:-1, max-image-preview:large, max-video-preview:-1\" \/>\n<link rel=\"canonical\" href=\"https:\/\/wodgear.sk\/en\/product\/indoor-quick-bar\/\" \/>\n<meta property=\"og:locale\" content=\"en_US\" \/>\n<meta property=\"og:type\" content=\"article\" \/>\n<meta property=\"og:title\" content=\"WODGEAR | QUICK BAR\" \/>\n<meta property=\"og:description\" content=\"QUICK BAR je odpove\u010fou pre potrebu r\u00fdchleho nastavenia v\u00fd\u0161ky hrazdy. V\u010faka d\u00f4myseln\u00e9mu syst\u00e9mu je premiestnenie bezprobl\u00e9mov\u00e9 a uchytenie ve\u013emi stabiln\u00e9.\" \/>\n<meta property=\"og:url\" content=\"https:\/\/wodgear.sk\/en\/product\/indoor-quick-bar\/\" \/>\n<meta property=\"og:site_name\" content=\"WODGEAR\" \/>\n<meta property=\"article:modified_time\" content=\"2025-02-26T17:21:17+00:00\" \/>\n<meta property=\"og:image\" content=\"https:\/\/wodgear.sk\/wp-content\/uploads\/2024\/07\/quick_bar_seo.png\" \/>\n\t<meta property=\"og:image:width\" content=\"1200\" \/>\n\t<meta property=\"og:image:height\" content=\"800\" \/>\n<meta name=\"twitter:card\" content=\"summary_large_image\" \/>\n<script type=\"application\/ld+json\" class=\"yoast-schema-graph\">{\"@context\":\"https:\/\/schema.org\",\"@graph\":[{\"@type\":\"WebSite\",\"@id\":\"https:\/\/wodgear.sk\/en\/#website\",\"url\":\"https:\/\/wodgear.sk\/en\/\",\"name\":\"WODGEAR\",\"description\":\"#MakingLifeHarder\",\"potentialAction\":[{\"@type\":\"SearchAction\",\"target\":\"https:\/\/wodgear.sk\/en\/?s={search_term_string}\",\"query-input\":\"required name=search_term_string\"}],\"inLanguage\":\"en-US\"},{\"@type\":\"ImageObject\",\"@id\":\"https:\/\/wodgear.sk\/produkt\/indoor-quick-bar\/#primaryimage\",\"inLanguage\":\"en-US\",\"url\":\"https:\/\/wodgear.sk\/wp-content\/uploads\/2024\/07\/quick_bar_main.png\",\"width\":1200,\"height\":800},{\"@type\":\"WebPage\",\"@id\":\"https:\/\/wodgear.sk\/produkt\/indoor-quick-bar\/#webpage\",\"url\":\"https:\/\/wodgear.sk\/produkt\/indoor-quick-bar\/\",\"name\":\"WODGEAR | QUICK BAR\",\"isPartOf\":{\"@id\":\"https:\/\/wodgear.sk\/en\/#website\"},\"primaryImageOfPage\":{\"@id\":\"https:\/\/wodgear.sk\/produkt\/indoor-quick-bar\/#primaryimage\"},\"datePublished\":\"2018-05-19T08:17:18+00:00\",\"dateModified\":\"2025-02-26T17:21:17+00:00\",\"description\":\"QUICK BAR je odpove\\u010fou pre potrebu r\\u00fdchleho nastavenia v\\u00fd\\u0161ky hrazdy. V\\u010faka d\\u00f4myseln\\u00e9mu syst\\u00e9mu je premiestnenie bezprobl\\u00e9mov\\u00e9 a uchytenie ve\\u013emi stabiln\\u00e9.\",\"inLanguage\":\"en-US\",\"potentialAction\":[{\"@type\":\"ReadAction\",\"target\":[\"https:\/\/wodgear.sk\/produkt\/indoor-quick-bar\/\"]}]}]}<\/script>\n<!-- \/ Yoast SEO plugin. -->","_links":{"self":[{"href":"https:\/\/wodgear.sk\/en\/wp-json\/wp\/v2\/product\/5503"}],"collection":[{"href":"https:\/\/wodgear.sk\/en\/wp-json\/wp\/v2\/product"}],"about":[{"href":"https:\/\/wodgear.sk\/en\/wp-json\/wp\/v2\/types\/product"}],"wp:featuredmedia":[{"embeddable":true,"href":"https:\/\/wodgear.sk\/en\/wp-json\/wp\/v2\/media\/25802"}],"wp:attachment":[{"href":"https:\/\/wodgear.sk\/en\/wp-json\/wp\/v2\/media?parent=5503"}],"curies":[{"name":"wp","href":"https:\/\/api.w.org\/{rel}","templated":true}]}}