{"id":5509,"date":"2018-05-22T16:56:28","date_gmt":"2018-05-22T14:56:28","guid":{"rendered":"http:\/\/wodgear.sk\/?post_type=product&#038;p=5509"},"modified":"2024-11-14T11:04:24","modified_gmt":"2024-11-14T10:04:24","slug":"indoor-dog-sled-pro","status":"publish","type":"product","link":"https:\/\/wodgear.sk\/en\/product\/indoor-dog-sled-pro\/","title":{"rendered":"DOG SLED <span>PRO<\/span>"},"content":{"rendered":"<!DOCTYPE html PUBLIC \"-\/\/W3C\/\/DTD HTML 4.0 Transitional\/\/EN\" \"http:\/\/www.w3.org\/TR\/REC-html40\/loose.dtd\">\n<html><head><meta http-equiv=\"content-type\" content=\"text\/html; charset=utf-8\"><\/head><body><p>Cvi\u010denie so s\u00e1nkami je jedno z naj\u00fa\u010dinnej\u0161\u00edch sp\u00f4sobov tr\u00e9ningu sily, v\u00fdbu\u0161nosti a vytrvalosti v\u00f4bec. S\u00e1nky DOG SLED PRO m\u00f4\u017eete \u0165aha\u0165, tla\u010di\u0165, vliec\u0165 za sebou, pou\u017e\u00edva\u0165 ako f\u00farik, nos\u00edtka, meni\u0165 r\u00f4zne \u00fachopy a prid\u00e1van\u00edm z\u00e1va\u017e\u00ed zvy\u0161ova\u0165 intenzitu cvi\u010denia. Nov\u00fd dizajn spolo\u010dne s mas\u00edvnym r\u00e1mom zaru\u010duj\u00fa vysok\u00fa odolnos\u0165 a v\u00fddr\u017e aj pri tom najintenz\u00edvnej\u0161om tr\u00e9ningu. Pou\u017ei\u0165 ich viete na skoro ka\u017edom povrchu. Bet\u00f3n, asfalt, pokrovec, guma, piesok a podobne. To v\u0161etko aj v\u010faka volite\u013en\u00fdm plastov\u00fdm klz\u00e1kom.<\/p>\n<\/body><\/html>","protected":false},"excerpt":{"rendered":"<p><strong>UHMW<\/strong><\/p>\n<table>\n<tbody>\n<tr>\n<td>Weight:<\/td>\n<td>100 kg (s madlami)<\/td>\n<\/tr>\n<tr>\n<td>Height:<\/td>\n<td>1018 mm (s madlami)<\/td>\n<\/tr>\n<tr>\n<td>Width:<\/td>\n<td>746 mm<\/td>\n<\/tr>\n<tr>\n<td>Length:<\/td>\n<td>1086 mm<\/td>\n<\/tr>\n<tr>\n<td>Klz\u00e1ky:<\/td>\n<td>plast &#8211; UHMW<\/td>\n<\/tr>\n<tr>\n<td>Handle:<\/td>\n<td>43 mm<\/td>\n<\/tr>\n<tr>\n<td>T\u0155\u0148:<\/td>\n<td>520&#215;48 mm (nerez)<\/td>\n<\/tr>\n<tr>\n<td>Info:<\/td>\n<td>handles are included in the package<\/td>\n<\/tr>\n<tr>\n<td>Color:<\/td>\n<td>pod\u013ea palety <a href=\"https:\/\/wodgear.sk\/wp-content\/uploads\/2024\/11\/vzorkovnik_palety_ral.pdf\"><span style=\"color: #000000;\">RAL<\/span><\/a><\/td>\n<\/tr>\n<tr>\n<td>Manufacturer:<\/td>\n<td>WODGEAR, s.r.o. SVK<\/td>\n<\/tr>\n<\/tbody>\n<\/table>\n<p><strong>STEEL<\/strong><\/p>\n<table>\n<tbody>\n<tr>\n<td>Weight:<\/td>\n<td>100 kg (s madlami)<\/td>\n<\/tr>\n<tr>\n<td>V\u00fd\u0161ka<\/td>\n<td>998 mm (s madlami)<\/td>\n<\/tr>\n<tr>\n<td>Width:<\/td>\n<td>746 mm<\/td>\n<\/tr>\n<tr>\n<td>Length:<\/td>\n<td>1086 mm<\/td>\n<\/tr>\n<tr>\n<td>Klz\u00e1ky:<\/td>\n<td>steel<\/td>\n<\/tr>\n<tr>\n<td>Handle:<\/td>\n<td>43 mm<\/td>\n<\/tr>\n<tr>\n<td>T\u0155\u0148:<\/td>\n<td>520&#215;48 mm (nerez)<\/td>\n<\/tr>\n<tr>\n<td>Info:<\/td>\n<td>handles are included in the package<\/td>\n<\/tr>\n<tr>\n<td>Color:<\/td>\n<td>pod\u013ea palety <a href=\"https:\/\/wodgear.sk\/wp-content\/uploads\/2024\/11\/vzorkovnik_palety_ral.pdf\"><span style=\"color: #000000;\">RAL<\/span><\/a><\/td>\n<\/tr>\n<tr>\n<td>Manufacturer:<\/td>\n<td>WODGEAR, s.r.o. SVK<\/td>\n<\/tr>\n<\/tbody>\n<\/table>","protected":false},"featured_media":23839,"template":"","meta":[],"yoast_head":"<!-- This site is optimized with the Yoast SEO plugin v14.8.1 - https:\/\/yoast.com\/wordpress\/plugins\/seo\/ -->\n<title>WODGEAR | DOG SLED PRO<\/title>\n<meta name=\"description\" content=\"S\u00e1nky DOG SLED PRO m\u00f4\u017eete \u0165aha\u0165, tla\u010di\u0165, vliec\u0165 za sebou, pou\u017e\u00edva\u0165 ako f\u00farik, nos\u00edtka, meni\u0165 r\u00f4zne \u00fachopy a prid\u00e1van\u00edm z\u00e1va\u017e\u00ed zvy\u0161ova\u0165 intenzitu cvi\u010denia.\" \/>\n<meta name=\"robots\" content=\"index, follow\" \/>\n<meta name=\"googlebot\" content=\"index, follow, max-snippet:-1, max-image-preview:large, max-video-preview:-1\" \/>\n<meta name=\"bingbot\" content=\"index, follow, max-snippet:-1, max-image-preview:large, max-video-preview:-1\" \/>\n<link rel=\"canonical\" href=\"https:\/\/wodgear.sk\/en\/product\/indoor-dog-sled-pro\/\" \/>\n<meta property=\"og:locale\" content=\"en_US\" \/>\n<meta property=\"og:type\" content=\"article\" \/>\n<meta property=\"og:title\" content=\"WODGEAR | DOG SLED PRO\" \/>\n<meta property=\"og:description\" content=\"S\u00e1nky DOG SLED PRO m\u00f4\u017eete \u0165aha\u0165, tla\u010di\u0165, vliec\u0165 za sebou, pou\u017e\u00edva\u0165 ako f\u00farik, nos\u00edtka, meni\u0165 r\u00f4zne \u00fachopy a prid\u00e1van\u00edm z\u00e1va\u017e\u00ed zvy\u0161ova\u0165 intenzitu cvi\u010denia.\" \/>\n<meta property=\"og:url\" content=\"https:\/\/wodgear.sk\/en\/product\/indoor-dog-sled-pro\/\" \/>\n<meta property=\"og:site_name\" content=\"WODGEAR\" \/>\n<meta property=\"article:modified_time\" content=\"2024-11-14T10:04:24+00:00\" \/>\n<meta property=\"og:image\" content=\"https:\/\/wodgear.sk\/wp-content\/uploads\/2022\/03\/dog_sled_pro_seo.png\" \/>\n\t<meta property=\"og:image:width\" content=\"1200\" \/>\n\t<meta property=\"og:image:height\" content=\"800\" \/>\n<meta name=\"twitter:card\" content=\"summary_large_image\" \/>\n<script type=\"application\/ld+json\" class=\"yoast-schema-graph\">{\"@context\":\"https:\/\/schema.org\",\"@graph\":[{\"@type\":\"WebSite\",\"@id\":\"https:\/\/wodgear.sk\/en\/#website\",\"url\":\"https:\/\/wodgear.sk\/en\/\",\"name\":\"WODGEAR\",\"description\":\"#MakingLifeHarder\",\"potentialAction\":[{\"@type\":\"SearchAction\",\"target\":\"https:\/\/wodgear.sk\/en\/?s={search_term_string}\",\"query-input\":\"required name=search_term_string\"}],\"inLanguage\":\"en-US\"},{\"@type\":\"ImageObject\",\"@id\":\"https:\/\/wodgear.sk\/produkt\/indoor-dog-sled-pro\/#primaryimage\",\"inLanguage\":\"en-US\",\"url\":\"https:\/\/wodgear.sk\/wp-content\/uploads\/2022\/03\/dog_sled_pro_main.png\",\"width\":1200,\"height\":800},{\"@type\":\"WebPage\",\"@id\":\"https:\/\/wodgear.sk\/produkt\/indoor-dog-sled-pro\/#webpage\",\"url\":\"https:\/\/wodgear.sk\/produkt\/indoor-dog-sled-pro\/\",\"name\":\"WODGEAR | DOG SLED PRO\",\"isPartOf\":{\"@id\":\"https:\/\/wodgear.sk\/en\/#website\"},\"primaryImageOfPage\":{\"@id\":\"https:\/\/wodgear.sk\/produkt\/indoor-dog-sled-pro\/#primaryimage\"},\"datePublished\":\"2018-05-22T14:56:28+00:00\",\"dateModified\":\"2024-11-14T10:04:24+00:00\",\"description\":\"S\\u00e1nky DOG SLED PRO m\\u00f4\\u017eete \\u0165aha\\u0165, tla\\u010di\\u0165, vliec\\u0165 za sebou, pou\\u017e\\u00edva\\u0165 ako f\\u00farik, nos\\u00edtka, meni\\u0165 r\\u00f4zne \\u00fachopy a prid\\u00e1van\\u00edm z\\u00e1va\\u017e\\u00ed zvy\\u0161ova\\u0165 intenzitu cvi\\u010denia.\",\"inLanguage\":\"en-US\",\"potentialAction\":[{\"@type\":\"ReadAction\",\"target\":[\"https:\/\/wodgear.sk\/produkt\/indoor-dog-sled-pro\/\"]}]}]}<\/script>\n<!-- \/ Yoast SEO plugin. -->","_links":{"self":[{"href":"https:\/\/wodgear.sk\/en\/wp-json\/wp\/v2\/product\/5509"}],"collection":[{"href":"https:\/\/wodgear.sk\/en\/wp-json\/wp\/v2\/product"}],"about":[{"href":"https:\/\/wodgear.sk\/en\/wp-json\/wp\/v2\/types\/product"}],"wp:featuredmedia":[{"embeddable":true,"href":"https:\/\/wodgear.sk\/en\/wp-json\/wp\/v2\/media\/23839"}],"wp:attachment":[{"href":"https:\/\/wodgear.sk\/en\/wp-json\/wp\/v2\/media?parent=5509"}],"curies":[{"name":"wp","href":"https:\/\/api.w.org\/{rel}","templated":true}]}}