{"id":5982,"date":"2018-08-22T13:18:33","date_gmt":"2018-08-22T11:18:33","guid":{"rendered":"http:\/\/wodgear.sk\/?post_type=product&#038;p=5982"},"modified":"2025-05-09T14:29:07","modified_gmt":"2025-05-09T12:29:07","slug":"outdoor-balance-beam-m","status":"publish","type":"product","link":"https:\/\/wodgear.sk\/en\/product\/outdoor-balance-beam-m\/","title":{"rendered":"BALANCE BEAM <span>M<\/span>"},"content":{"rendered":"<!DOCTYPE html PUBLIC \"-\/\/W3C\/\/DTD HTML 4.0 Transitional\/\/EN\" \"http:\/\/www.w3.org\/TR\/REC-html40\/loose.dtd\">\n<html><head><meta http-equiv=\"content-type\" content=\"text\/html; charset=utf-8\"><\/head><body><p>BALANCE BEAM M je gymnastick\u00e1 kladina ur\u010den\u00e1 pre workoutov\u00e9 ihrisk\u00e1. Je to ve\u013emi \u00fa\u010dinn\u00e1 pom\u00f4cka pre tr\u00e9ning rovnov\u00e1hy, sily a kond\u00edcie. Viete ju pou\u017ei\u0165 ako PLYOBOX na cvi\u010denie v\u00fdskokov, ako madlo pri tricepsov\u00fdch klikoch, ako platformu pri drepoch na jednej alebo oboch noh\u00e1ch a samozrejme ako kladinu pri choden\u00ed a udr\u017eiavan\u00ed rovnov\u00e1hy. Pri pou\u017eit\u00ed dvoch BALANCE BEAM prvkov ved\u013ea seba docielite e\u0161te v\u00e4\u010d\u0161iu variabilitu cvikov. Kliky s nohami na platforme, preskakovanie prvkov a podobne. Kon\u0161trukcia je nie len ve\u013emi stabiln\u00e1, ale v\u010faka plastovej doske so zaoblenou hranou aj ve\u013emi odoln\u00e1 proti po\u0161kodeniu a hlavne bezpe\u010dn\u00e1. U\u017e \u017eiadne odret\u00e9 nohy a modriny!<\/p>\n<\/body><\/html>","protected":false},"excerpt":{"rendered":"<table>\n<tbody>\n<tr>\n<td>Size:<\/td>\n<td>5000&#215;3085 mm<\/td>\n<\/tr>\n<tr>\n<td>Length:<\/td>\n<td>2000 mm<\/td>\n<\/tr>\n<tr>\n<td>Width:<\/td>\n<td>85 mm<\/td>\n<\/tr>\n<tr>\n<td>Height:<\/td>\n<td>350 mm<\/td>\n<\/tr>\n<tr>\n<td>Weight:<\/td>\n<td>28.0 kg<\/td>\n<\/tr>\n<tr>\n<td>Stanovi\u0161tia:<\/td>\n<td>1+<\/td>\n<\/tr>\n<tr>\n<td>Capacity:<\/td>\n<td>1+<\/td>\n<\/tr>\n<tr>\n<td>Doska:<\/td>\n<td>19 mm PLAY-TEC<\/td>\n<\/tr>\n<tr>\n<td>Info:<\/td>\n<td>je mo\u017en\u00e9 vyrobi\u0165 aj s vlastnou v\u00fd\u0161kou<\/td>\n<\/tr>\n<tr>\n<td>Norm:<\/td>\n<td>EN STN 16630:2015<\/td>\n<\/tr>\n<tr>\n<td>Color:<\/td>\n<td>pod\u013ea palety <a href=\"https:\/\/wodgear.sk\/wp-content\/uploads\/2024\/11\/vzorkovnik_palety_ral.pdf\"><span style=\"color: #000000;\">RAL<\/span><\/a><\/td>\n<\/tr>\n<tr>\n<td>Surface:<\/td>\n<td>sandblasted\/zinc-epoxy\/komaxite<\/td>\n<\/tr>\n<tr>\n<td>Manufacturer:<\/td>\n<td>WODGEAR, s.r.o. SVK<\/td>\n<\/tr>\n<\/tbody>\n<\/table>","protected":false},"featured_media":27875,"template":"","meta":[],"yoast_head":"<!-- This site is optimized with the Yoast SEO plugin v14.8.1 - https:\/\/yoast.com\/wordpress\/plugins\/seo\/ -->\n<title>WODGEAR | BALANCE BEAM M<\/title>\n<meta name=\"description\" content=\"BALANCE BEAM M je gymnastick\u00e1 kladina ur\u010den\u00e1 pre workoutov\u00e9 ihrisk\u00e1. Je to ve\u013emi \u00fa\u010dinn\u00e1 pom\u00f4cka pre tr\u00e9ning rovnov\u00e1hy, sily a kond\u00edcie.\" \/>\n<meta name=\"robots\" content=\"index, follow\" \/>\n<meta name=\"googlebot\" content=\"index, follow, max-snippet:-1, max-image-preview:large, max-video-preview:-1\" \/>\n<meta name=\"bingbot\" content=\"index, follow, max-snippet:-1, max-image-preview:large, max-video-preview:-1\" \/>\n<link rel=\"canonical\" href=\"https:\/\/wodgear.sk\/en\/product\/outdoor-balance-beam-m\/\" \/>\n<meta property=\"og:locale\" content=\"en_US\" \/>\n<meta property=\"og:type\" content=\"article\" \/>\n<meta property=\"og:title\" content=\"WODGEAR | BALANCE BEAM M\" \/>\n<meta property=\"og:description\" content=\"BALANCE BEAM M je gymnastick\u00e1 kladina ur\u010den\u00e1 pre workoutov\u00e9 ihrisk\u00e1. Je to ve\u013emi \u00fa\u010dinn\u00e1 pom\u00f4cka pre tr\u00e9ning rovnov\u00e1hy, sily a kond\u00edcie.\" \/>\n<meta property=\"og:url\" content=\"https:\/\/wodgear.sk\/en\/product\/outdoor-balance-beam-m\/\" \/>\n<meta property=\"og:site_name\" content=\"WODGEAR\" \/>\n<meta property=\"article:modified_time\" content=\"2025-05-09T12:29:07+00:00\" \/>\n<meta property=\"og:image\" content=\"https:\/\/wodgear.sk\/wp-content\/uploads\/2025\/05\/balance_beam_s_seo.png\" \/>\n\t<meta property=\"og:image:width\" content=\"1200\" \/>\n\t<meta property=\"og:image:height\" content=\"800\" \/>\n<meta name=\"twitter:card\" content=\"summary_large_image\" \/>\n<script type=\"application\/ld+json\" class=\"yoast-schema-graph\">{\"@context\":\"https:\/\/schema.org\",\"@graph\":[{\"@type\":\"WebSite\",\"@id\":\"https:\/\/wodgear.sk\/en\/#website\",\"url\":\"https:\/\/wodgear.sk\/en\/\",\"name\":\"WODGEAR\",\"description\":\"#MakingLifeHarder\",\"potentialAction\":[{\"@type\":\"SearchAction\",\"target\":\"https:\/\/wodgear.sk\/en\/?s={search_term_string}\",\"query-input\":\"required name=search_term_string\"}],\"inLanguage\":\"en-US\"},{\"@type\":\"ImageObject\",\"@id\":\"https:\/\/wodgear.sk\/produkt\/outdoor-balance-beam-m\/#primaryimage\",\"inLanguage\":\"en-US\",\"url\":\"https:\/\/wodgear.sk\/wp-content\/uploads\/2025\/05\/balance_beam_var_0a_green.png\",\"width\":1200,\"height\":800},{\"@type\":\"WebPage\",\"@id\":\"https:\/\/wodgear.sk\/produkt\/outdoor-balance-beam-m\/#webpage\",\"url\":\"https:\/\/wodgear.sk\/produkt\/outdoor-balance-beam-m\/\",\"name\":\"WODGEAR | BALANCE BEAM M\",\"isPartOf\":{\"@id\":\"https:\/\/wodgear.sk\/en\/#website\"},\"primaryImageOfPage\":{\"@id\":\"https:\/\/wodgear.sk\/produkt\/outdoor-balance-beam-m\/#primaryimage\"},\"datePublished\":\"2018-08-22T11:18:33+00:00\",\"dateModified\":\"2025-05-09T12:29:07+00:00\",\"description\":\"BALANCE BEAM M je gymnastick\\u00e1 kladina ur\\u010den\\u00e1 pre workoutov\\u00e9 ihrisk\\u00e1. Je to ve\\u013emi \\u00fa\\u010dinn\\u00e1 pom\\u00f4cka pre tr\\u00e9ning rovnov\\u00e1hy, sily a kond\\u00edcie.\",\"inLanguage\":\"en-US\",\"potentialAction\":[{\"@type\":\"ReadAction\",\"target\":[\"https:\/\/wodgear.sk\/produkt\/outdoor-balance-beam-m\/\"]}]}]}<\/script>\n<!-- \/ Yoast SEO plugin. -->","_links":{"self":[{"href":"https:\/\/wodgear.sk\/en\/wp-json\/wp\/v2\/product\/5982"}],"collection":[{"href":"https:\/\/wodgear.sk\/en\/wp-json\/wp\/v2\/product"}],"about":[{"href":"https:\/\/wodgear.sk\/en\/wp-json\/wp\/v2\/types\/product"}],"wp:featuredmedia":[{"embeddable":true,"href":"https:\/\/wodgear.sk\/en\/wp-json\/wp\/v2\/media\/27875"}],"wp:attachment":[{"href":"https:\/\/wodgear.sk\/en\/wp-json\/wp\/v2\/media?parent=5982"}],"curies":[{"name":"wp","href":"https:\/\/api.w.org\/{rel}","templated":true}]}}