{"id":6110,"date":"2018-08-22T14:23:17","date_gmt":"2018-08-22T12:23:17","guid":{"rendered":"http:\/\/wodgear.sk\/?post_type=product&#038;p=6110"},"modified":"2025-05-09T11:33:20","modified_gmt":"2025-05-09T09:33:20","slug":"outdoor-jumper","status":"publish","type":"product","link":"https:\/\/wodgear.sk\/en\/product\/outdoor-jumper\/","title":{"rendered":"JUMPER"},"content":{"rendered":"<!DOCTYPE html PUBLIC \"-\/\/W3C\/\/DTD HTML 4.0 Transitional\/\/EN\" \"http:\/\/www.w3.org\/TR\/REC-html40\/loose.dtd\">\n<html><head><meta http-equiv=\"content-type\" content=\"text\/html; charset=utf-8\"><\/head><body><p>JUMPER is a small but very effective instrument for conditioning and strength workout. You can use it as a PLYOBOX for training jumps, as a handle when doing dips or as a platform for squats. You can achieve even better variability of exercises by using two JUMPER elements next to each other, like push-ups with legs on platform, jump overs etc. Construction is not only very stable, but thanks to plastic panels with round edges also very resistant to damage and more importantly safe. No more bruised legs!<\/p>\n<\/body><\/html>","protected":false},"excerpt":{"rendered":"<table>\n<tbody>\n<tr>\n<td>Size:<\/td>\n<td>3400&#215;3400 mm<\/td>\n<\/tr>\n<tr>\n<td>Length:<\/td>\n<td>400 mm<\/td>\n<\/tr>\n<tr>\n<td>Width:<\/td>\n<td>400 mm<\/td>\n<\/tr>\n<tr>\n<td>Height:<\/td>\n<td>350\/500 mm<\/td>\n<\/tr>\n<tr>\n<td>Weight:<\/td>\n<td>8.0 kg<\/td>\n<\/tr>\n<tr>\n<td>Stanovi\u0161tia:<\/td>\n<td>1+<\/td>\n<\/tr>\n<tr>\n<td>Capacity:<\/td>\n<td>1+<\/td>\n<\/tr>\n<tr>\n<td>Doska:<\/td>\n<td>19 mm PLAY-TEC<\/td>\n<\/tr>\n<tr>\n<td>Info:<\/td>\n<td>je mo\u017en\u00e9 vyrobi\u0165 aj s vlastnou v\u00fd\u0161kou<\/td>\n<\/tr>\n<tr>\n<td>Norm:<\/td>\n<td>EN STN 16630:2015<\/td>\n<\/tr>\n<tr>\n<td>Color:<\/td>\n<td>pod\u013ea palety <a href=\"https:\/\/wodgear.sk\/wp-content\/uploads\/2024\/11\/vzorkovnik_palety_ral.pdf\"><span style=\"color: #000000;\">RAL<\/span><\/a><\/td>\n<\/tr>\n<tr>\n<td>Surface:<\/td>\n<td>sandblasted\/zinc-epoxy\/komaxite<\/td>\n<\/tr>\n<tr>\n<td>Manufacturer:<\/td>\n<td>WODGEAR, s.r.o. SVK<\/td>\n<\/tr>\n<\/tbody>\n<\/table>","protected":false},"featured_media":8702,"template":"","meta":[],"yoast_head":"<!-- This site is optimized with the Yoast SEO plugin v14.8.1 - https:\/\/yoast.com\/wordpress\/plugins\/seo\/ -->\n<title>WODGEAR | JUMPER<\/title>\n<meta name=\"description\" content=\"Jumper je street workout prvok pre na\u0161e vonkaj\u0161ie ihrisk\u00e1. Sl\u00fa\u017ei ako pom\u00f4cka pri r\u00f4znych druhoch silov\u00fdch a kondi\u010dn\u00fdch cvikov ako s\u00fa v\u00fdskoky, drepy a pod.\" \/>\n<meta name=\"robots\" content=\"index, follow\" \/>\n<meta name=\"googlebot\" content=\"index, follow, max-snippet:-1, max-image-preview:large, max-video-preview:-1\" \/>\n<meta name=\"bingbot\" content=\"index, follow, max-snippet:-1, max-image-preview:large, max-video-preview:-1\" \/>\n<link rel=\"canonical\" href=\"https:\/\/wodgear.sk\/en\/product\/outdoor-jumper\/\" \/>\n<meta property=\"og:locale\" content=\"en_US\" \/>\n<meta property=\"og:type\" content=\"article\" \/>\n<meta property=\"og:title\" content=\"WODGEAR | JUMPER\" \/>\n<meta property=\"og:description\" content=\"Jumper je street workout prvok pre na\u0161e vonkaj\u0161ie ihrisk\u00e1. Sl\u00fa\u017ei ako pom\u00f4cka pri r\u00f4znych druhoch silov\u00fdch a kondi\u010dn\u00fdch cvikov ako s\u00fa v\u00fdskoky, drepy a pod.\" \/>\n<meta property=\"og:url\" content=\"https:\/\/wodgear.sk\/en\/product\/outdoor-jumper\/\" \/>\n<meta property=\"og:site_name\" content=\"WODGEAR\" \/>\n<meta property=\"article:modified_time\" content=\"2025-05-09T09:33:20+00:00\" \/>\n<meta property=\"og:image\" content=\"https:\/\/wodgear.sk\/wp-content\/uploads\/2018\/08\/seo_jumper.png\" \/>\n\t<meta property=\"og:image:width\" content=\"1620\" \/>\n\t<meta property=\"og:image:height\" content=\"1080\" \/>\n<meta name=\"twitter:card\" content=\"summary_large_image\" \/>\n<script type=\"application\/ld+json\" class=\"yoast-schema-graph\">{\"@context\":\"https:\/\/schema.org\",\"@graph\":[{\"@type\":\"WebSite\",\"@id\":\"https:\/\/wodgear.sk\/en\/#website\",\"url\":\"https:\/\/wodgear.sk\/en\/\",\"name\":\"WODGEAR\",\"description\":\"#MakingLifeHarder\",\"potentialAction\":[{\"@type\":\"SearchAction\",\"target\":\"https:\/\/wodgear.sk\/en\/?s={search_term_string}\",\"query-input\":\"required name=search_term_string\"}],\"inLanguage\":\"en-US\"},{\"@type\":\"ImageObject\",\"@id\":\"https:\/\/wodgear.sk\/produkt\/outdoor-jumper\/#primaryimage\",\"inLanguage\":\"en-US\",\"url\":\"https:\/\/wodgear.sk\/wp-content\/uploads\/2019\/03\/jumpers_var_0a_red.png\",\"width\":1620,\"height\":1080},{\"@type\":\"WebPage\",\"@id\":\"https:\/\/wodgear.sk\/produkt\/outdoor-jumper\/#webpage\",\"url\":\"https:\/\/wodgear.sk\/produkt\/outdoor-jumper\/\",\"name\":\"WODGEAR | JUMPER\",\"isPartOf\":{\"@id\":\"https:\/\/wodgear.sk\/en\/#website\"},\"primaryImageOfPage\":{\"@id\":\"https:\/\/wodgear.sk\/produkt\/outdoor-jumper\/#primaryimage\"},\"datePublished\":\"2018-08-22T12:23:17+00:00\",\"dateModified\":\"2025-05-09T09:33:20+00:00\",\"description\":\"Jumper je street workout prvok pre na\\u0161e vonkaj\\u0161ie ihrisk\\u00e1. Sl\\u00fa\\u017ei ako pom\\u00f4cka pri r\\u00f4znych druhoch silov\\u00fdch a kondi\\u010dn\\u00fdch cvikov ako s\\u00fa v\\u00fdskoky, drepy a pod.\",\"inLanguage\":\"en-US\",\"potentialAction\":[{\"@type\":\"ReadAction\",\"target\":[\"https:\/\/wodgear.sk\/produkt\/outdoor-jumper\/\"]}]}]}<\/script>\n<!-- \/ Yoast SEO plugin. -->","_links":{"self":[{"href":"https:\/\/wodgear.sk\/en\/wp-json\/wp\/v2\/product\/6110"}],"collection":[{"href":"https:\/\/wodgear.sk\/en\/wp-json\/wp\/v2\/product"}],"about":[{"href":"https:\/\/wodgear.sk\/en\/wp-json\/wp\/v2\/types\/product"}],"wp:featuredmedia":[{"embeddable":true,"href":"https:\/\/wodgear.sk\/en\/wp-json\/wp\/v2\/media\/8702"}],"wp:attachment":[{"href":"https:\/\/wodgear.sk\/en\/wp-json\/wp\/v2\/media?parent=6110"}],"curies":[{"name":"wp","href":"https:\/\/api.w.org\/{rel}","templated":true}]}}