{"id":6488,"date":"2018-09-07T12:35:45","date_gmt":"2018-09-07T10:35:45","guid":{"rendered":"http:\/\/wodgear.sk\/?post_type=product&#038;p=6488"},"modified":"2024-11-14T14:45:15","modified_gmt":"2024-11-14T13:45:15","slug":"outdoor-ring-hanger","status":"publish","type":"product","link":"https:\/\/wodgear.sk\/en\/product\/outdoor-ring-hanger\/","title":{"rendered":"RING HANGER"},"content":{"rendered":"<!DOCTYPE html PUBLIC \"-\/\/W3C\/\/DTD HTML 4.0 Transitional\/\/EN\" \"http:\/\/www.w3.org\/TR\/REC-html40\/loose.dtd\">\n<html><head><meta http-equiv=\"content-type\" content=\"text\/html; charset=utf-8\"><\/head><body><p>If you\u2019ve never worked out on gymnastic rings, you\u2019ll find out how weak you are when training on them for the first time. Gymnastic rings are perfect instruments for the strength training of the upper body. Attachment RING HANGER is designed to hang them and offer firm and safe workout. We can also add the gymnastic ring to the order.<\/p>\n<\/body><\/html>","protected":false},"excerpt":{"rendered":"<table>\n<tbody>\n<tr>\n<td>Height:<\/td>\n<td>2800\/na mieru mm<\/td>\n<\/tr>\n<tr>\n<td>Width:<\/td>\n<td>700 mm<\/td>\n<\/tr>\n<tr>\n<td>Depth:<\/td>\n<td>720 mm<\/td>\n<\/tr>\n<tr>\n<td>Weight:<\/td>\n<td>19.0 kg<\/td>\n<\/tr>\n<tr>\n<td>Stanovi\u0161tia:<\/td>\n<td>1+<\/td>\n<\/tr>\n<tr>\n<td>Capacity:<\/td>\n<td>1+<\/td>\n<\/tr>\n<tr>\n<td>Info:<\/td>\n<td>je mo\u017en\u00e9 vyrobi\u0165 aj s vlastn\u00fdm rozostupom<\/td>\n<\/tr>\n<tr>\n<td>Norm:<\/td>\n<td>EN STN 16630:2015<\/td>\n<\/tr>\n<tr>\n<td>Color:<\/td>\n<td>pod\u013ea palety <a href=\"https:\/\/wodgear.sk\/wp-content\/uploads\/2024\/11\/vzorkovnik_palety_ral.pdf\"><span style=\"color: #000000;\">RAL<\/span><\/a><\/td>\n<\/tr>\n<tr>\n<td>Surface:<\/td>\n<td>sandblasted\/zinc-epoxy\/komaxite<\/td>\n<\/tr>\n<tr>\n<td>Manufacturer:<\/td>\n<td>WODGEAR, s.r.o. SVK<\/td>\n<\/tr>\n<\/tbody>\n<\/table>","protected":false},"featured_media":21999,"template":"","meta":[],"yoast_head":"<!-- This site is optimized with the Yoast SEO plugin v14.8.1 - https:\/\/yoast.com\/wordpress\/plugins\/seo\/ -->\n<title>WODGEAR | RING HANGER<\/title>\n<meta name=\"description\" content=\"Na gymnastick\u00fdch kruhoch zist\u00ed\u0161, ak\u00fd slab\u00fd vlastne si. Gymnastick\u00e9 kruhy s\u00fa dokonal\u00fdm n\u00e1strojom pre silov\u00fd tr\u00e9ning vrchnej \u010dasti tela.\" \/>\n<meta name=\"robots\" content=\"index, follow\" \/>\n<meta name=\"googlebot\" content=\"index, follow, max-snippet:-1, max-image-preview:large, max-video-preview:-1\" \/>\n<meta name=\"bingbot\" content=\"index, follow, max-snippet:-1, max-image-preview:large, max-video-preview:-1\" \/>\n<link rel=\"canonical\" href=\"https:\/\/wodgear.sk\/en\/product\/outdoor-ring-hanger\/\" \/>\n<meta property=\"og:locale\" content=\"en_US\" \/>\n<meta property=\"og:type\" content=\"article\" \/>\n<meta property=\"og:title\" content=\"WODGEAR | RING HANGER\" \/>\n<meta property=\"og:description\" content=\"Na gymnastick\u00fdch kruhoch zist\u00ed\u0161, ak\u00fd slab\u00fd vlastne si. Gymnastick\u00e9 kruhy s\u00fa dokonal\u00fdm n\u00e1strojom pre silov\u00fd tr\u00e9ning vrchnej \u010dasti tela.\" \/>\n<meta property=\"og:url\" content=\"https:\/\/wodgear.sk\/en\/product\/outdoor-ring-hanger\/\" \/>\n<meta property=\"og:site_name\" content=\"WODGEAR\" \/>\n<meta property=\"article:modified_time\" content=\"2024-11-14T13:45:15+00:00\" \/>\n<meta property=\"og:image\" content=\"https:\/\/wodgear.sk\/wp-content\/uploads\/2020\/12\/ring_hanger_seo.png\" \/>\n\t<meta property=\"og:image:width\" content=\"1200\" \/>\n\t<meta property=\"og:image:height\" content=\"800\" \/>\n<meta name=\"twitter:card\" content=\"summary_large_image\" \/>\n<script type=\"application\/ld+json\" class=\"yoast-schema-graph\">{\"@context\":\"https:\/\/schema.org\",\"@graph\":[{\"@type\":\"WebSite\",\"@id\":\"https:\/\/wodgear.sk\/en\/#website\",\"url\":\"https:\/\/wodgear.sk\/en\/\",\"name\":\"WODGEAR\",\"description\":\"#MakingLifeHarder\",\"potentialAction\":[{\"@type\":\"SearchAction\",\"target\":\"https:\/\/wodgear.sk\/en\/?s={search_term_string}\",\"query-input\":\"required name=search_term_string\"}],\"inLanguage\":\"en-US\"},{\"@type\":\"ImageObject\",\"@id\":\"https:\/\/wodgear.sk\/produkt\/outdoor-ring-hanger\/#primaryimage\",\"inLanguage\":\"en-US\",\"url\":\"https:\/\/wodgear.sk\/wp-content\/uploads\/2020\/12\/ring_hanger_var_0a.png\",\"width\":1200,\"height\":800},{\"@type\":\"WebPage\",\"@id\":\"https:\/\/wodgear.sk\/produkt\/outdoor-ring-hanger\/#webpage\",\"url\":\"https:\/\/wodgear.sk\/produkt\/outdoor-ring-hanger\/\",\"name\":\"WODGEAR | RING HANGER\",\"isPartOf\":{\"@id\":\"https:\/\/wodgear.sk\/en\/#website\"},\"primaryImageOfPage\":{\"@id\":\"https:\/\/wodgear.sk\/produkt\/outdoor-ring-hanger\/#primaryimage\"},\"datePublished\":\"2018-09-07T10:35:45+00:00\",\"dateModified\":\"2024-11-14T13:45:15+00:00\",\"description\":\"Na gymnastick\\u00fdch kruhoch zist\\u00ed\\u0161, ak\\u00fd slab\\u00fd vlastne si. Gymnastick\\u00e9 kruhy s\\u00fa dokonal\\u00fdm n\\u00e1strojom pre silov\\u00fd tr\\u00e9ning vrchnej \\u010dasti tela.\",\"inLanguage\":\"en-US\",\"potentialAction\":[{\"@type\":\"ReadAction\",\"target\":[\"https:\/\/wodgear.sk\/produkt\/outdoor-ring-hanger\/\"]}]}]}<\/script>\n<!-- \/ Yoast SEO plugin. -->","_links":{"self":[{"href":"https:\/\/wodgear.sk\/en\/wp-json\/wp\/v2\/product\/6488"}],"collection":[{"href":"https:\/\/wodgear.sk\/en\/wp-json\/wp\/v2\/product"}],"about":[{"href":"https:\/\/wodgear.sk\/en\/wp-json\/wp\/v2\/types\/product"}],"wp:featuredmedia":[{"embeddable":true,"href":"https:\/\/wodgear.sk\/en\/wp-json\/wp\/v2\/media\/21999"}],"wp:attachment":[{"href":"https:\/\/wodgear.sk\/en\/wp-json\/wp\/v2\/media?parent=6488"}],"curies":[{"name":"wp","href":"https:\/\/api.w.org\/{rel}","templated":true}]}}