{"id":6689,"date":"2018-10-20T11:51:23","date_gmt":"2018-10-20T09:51:23","guid":{"rendered":"http:\/\/wodgear.sk\/?post_type=product&#038;p=6689"},"modified":"2025-05-09T10:46:51","modified_gmt":"2025-05-09T08:46:51","slug":"outdoor-grizzly","status":"publish","type":"product","link":"https:\/\/wodgear.sk\/en\/product\/outdoor-grizzly\/","title":{"rendered":"GRIZZLY"},"content":{"rendered":"<!DOCTYPE html PUBLIC \"-\/\/W3C\/\/DTD HTML 4.0 Transitional\/\/EN\" \"http:\/\/www.w3.org\/TR\/REC-html40\/loose.dtd\">\n<html><head><meta http-equiv=\"content-type\" content=\"text\/html; charset=utf-8\"><\/head><body><p>GRIZZLY je prvou z ve\u013ek\u00fdch workoutov\u00fdch kon\u0161trukci\u00ed z na\u0161ej outdoorovej ponuky. Pon\u00faka viac priestoru pre v\u00e4\u010d\u0161ie mno\u017estvo komponentov a tak aj v\u00e4\u010d\u0161iu kapacitu celej zostavy. Kon\u0161trukcia pon\u00faka p\u00e4ticu bradiel s\u00a0rozdielnou v\u00fd\u0161kou, horizont\u00e1lny, vertik\u00e1lny a \u0161ikm\u00fd rebr\u00edk, ve\u0161iak na gymnastick\u00e9 kruhy, freestyle hrazdu a ve\u013ea in\u00fdch komponentov. Je tak vhodn\u00e1 pre street workout, funk\u010dn\u00fd tr\u00e9ning, freeletics, klasick\u00fd fitness, stre\u010ding, freestyle a mnoho \u010fal\u0161\u00edch druhov tr\u00e9ningu. Na kon\u0161trukciu\u00a0si m\u00f4\u017eete doobjedna\u0165 aj ve\u013ek\u00e9 mno\u017estvo doplnkov\u00fdch komponentov a v\u010faka nim zna\u010dne roz\u0161\u00edrite jej mo\u017enosti.<\/p>\n<\/body><\/html>","protected":false},"excerpt":{"rendered":"<table>\n<tbody>\n<tr>\n<td>Size:<\/td>\n<td>13100&#215;6600 mm<\/td>\n<\/tr>\n<tr>\n<td>Length:<\/td>\n<td>10100 mm<\/td>\n<\/tr>\n<tr>\n<td>Width:<\/td>\n<td>3600 mm<\/td>\n<\/tr>\n<tr>\n<td>Height:<\/td>\n<td>3000 mm<\/td>\n<\/tr>\n<tr>\n<td>Weight:<\/td>\n<td>799.0 kg<\/td>\n<\/tr>\n<tr>\n<td>Stanovi\u0161tia:<\/td>\n<td>21+<\/td>\n<\/tr>\n<tr>\n<td>Capacity:<\/td>\n<td>19+<\/td>\n<\/tr>\n<tr>\n<td>Info:<\/td>\n<td>je mo\u017en\u00e9 zameni\u0165 prvky pod\u013ea vlastn\u00e9ho v\u00fdberu<\/td>\n<\/tr>\n<tr>\n<td>Norm:<\/td>\n<td>EN STN 16630:2015<\/td>\n<\/tr>\n<tr>\n<td>Color:<\/td>\n<td>pod\u013ea palety <a href=\"https:\/\/wodgear.sk\/wp-content\/uploads\/2024\/11\/vzorkovnik_palety_ral.pdf\"><span style=\"color: #000000;\">RAL<\/span><\/a><\/td>\n<\/tr>\n<tr>\n<td>Surface:<\/td>\n<td>sandblasted\/zinc-epoxy\/komaxite<\/td>\n<\/tr>\n<tr>\n<td>Manufacturer:<\/td>\n<td>WODGEAR, s.r.o. SVK<\/td>\n<\/tr>\n<\/tbody>\n<\/table>","protected":false},"featured_media":27649,"template":"","meta":[],"yoast_head":"<!-- This site is optimized with the Yoast SEO plugin v14.8.1 - https:\/\/yoast.com\/wordpress\/plugins\/seo\/ -->\n<title>WODGEAR | GRIZZLY<\/title>\n<meta name=\"description\" content=\"Workoutov\u00e1 kon\u0161trukcia pre street workout, stre\u010ding a fitness. Posl\u00fa\u017ei ako samostatne stojaca, ale aj ako s\u00fa\u010das\u0165 pre v\u00e4\u010d\u0161ie workoutov\u00e9 ihrisko.\" \/>\n<meta name=\"robots\" content=\"index, follow\" \/>\n<meta name=\"googlebot\" content=\"index, follow, max-snippet:-1, max-image-preview:large, max-video-preview:-1\" \/>\n<meta name=\"bingbot\" content=\"index, follow, max-snippet:-1, max-image-preview:large, max-video-preview:-1\" \/>\n<link rel=\"canonical\" href=\"https:\/\/wodgear.sk\/en\/product\/outdoor-grizzly\/\" \/>\n<meta property=\"og:locale\" content=\"en_US\" \/>\n<meta property=\"og:type\" content=\"article\" \/>\n<meta property=\"og:title\" content=\"WODGEAR | GRIZZLY\" \/>\n<meta property=\"og:description\" content=\"Workoutov\u00e1 kon\u0161trukcia pre street workout, stre\u010ding a fitness. Posl\u00fa\u017ei ako samostatne stojaca, ale aj ako s\u00fa\u010das\u0165 pre v\u00e4\u010d\u0161ie workoutov\u00e9 ihrisko.\" \/>\n<meta property=\"og:url\" content=\"https:\/\/wodgear.sk\/en\/product\/outdoor-grizzly\/\" \/>\n<meta property=\"og:site_name\" content=\"WODGEAR\" \/>\n<meta property=\"article:modified_time\" content=\"2025-05-09T08:46:51+00:00\" \/>\n<meta property=\"og:image\" content=\"https:\/\/wodgear.sk\/wp-content\/uploads\/2025\/05\/grizzly_seo.png\" \/>\n\t<meta property=\"og:image:width\" content=\"1200\" \/>\n\t<meta property=\"og:image:height\" content=\"800\" \/>\n<meta name=\"twitter:card\" content=\"summary_large_image\" \/>\n<script type=\"application\/ld+json\" class=\"yoast-schema-graph\">{\"@context\":\"https:\/\/schema.org\",\"@graph\":[{\"@type\":\"WebSite\",\"@id\":\"https:\/\/wodgear.sk\/en\/#website\",\"url\":\"https:\/\/wodgear.sk\/en\/\",\"name\":\"WODGEAR\",\"description\":\"#MakingLifeHarder\",\"potentialAction\":[{\"@type\":\"SearchAction\",\"target\":\"https:\/\/wodgear.sk\/en\/?s={search_term_string}\",\"query-input\":\"required name=search_term_string\"}],\"inLanguage\":\"en-US\"},{\"@type\":\"ImageObject\",\"@id\":\"https:\/\/wodgear.sk\/produkt\/outdoor-grizzly\/#primaryimage\",\"inLanguage\":\"en-US\",\"url\":\"https:\/\/wodgear.sk\/wp-content\/uploads\/2025\/05\/grizzly_var_0a_yelow.png\",\"width\":1200,\"height\":800},{\"@type\":\"WebPage\",\"@id\":\"https:\/\/wodgear.sk\/produkt\/outdoor-grizzly\/#webpage\",\"url\":\"https:\/\/wodgear.sk\/produkt\/outdoor-grizzly\/\",\"name\":\"WODGEAR | GRIZZLY\",\"isPartOf\":{\"@id\":\"https:\/\/wodgear.sk\/en\/#website\"},\"primaryImageOfPage\":{\"@id\":\"https:\/\/wodgear.sk\/produkt\/outdoor-grizzly\/#primaryimage\"},\"datePublished\":\"2018-10-20T09:51:23+00:00\",\"dateModified\":\"2025-05-09T08:46:51+00:00\",\"description\":\"Workoutov\\u00e1 kon\\u0161trukcia pre street workout, stre\\u010ding a fitness. Posl\\u00fa\\u017ei ako samostatne stojaca, ale aj ako s\\u00fa\\u010das\\u0165 pre v\\u00e4\\u010d\\u0161ie workoutov\\u00e9 ihrisko.\",\"inLanguage\":\"en-US\",\"potentialAction\":[{\"@type\":\"ReadAction\",\"target\":[\"https:\/\/wodgear.sk\/produkt\/outdoor-grizzly\/\"]}]}]}<\/script>\n<!-- \/ Yoast SEO plugin. -->","_links":{"self":[{"href":"https:\/\/wodgear.sk\/en\/wp-json\/wp\/v2\/product\/6689"}],"collection":[{"href":"https:\/\/wodgear.sk\/en\/wp-json\/wp\/v2\/product"}],"about":[{"href":"https:\/\/wodgear.sk\/en\/wp-json\/wp\/v2\/types\/product"}],"wp:featuredmedia":[{"embeddable":true,"href":"https:\/\/wodgear.sk\/en\/wp-json\/wp\/v2\/media\/27649"}],"wp:attachment":[{"href":"https:\/\/wodgear.sk\/en\/wp-json\/wp\/v2\/media?parent=6689"}],"curies":[{"name":"wp","href":"https:\/\/api.w.org\/{rel}","templated":true}]}}