{"id":9375,"date":"2019-04-29T16:24:21","date_gmt":"2019-04-29T14:24:21","guid":{"rendered":"https:\/\/wodgear.sk\/?post_type=product&#038;p=9375"},"modified":"2026-03-25T07:43:54","modified_gmt":"2026-03-25T06:43:54","slug":"indoor-rack-fenrir","status":"publish","type":"product","link":"https:\/\/wodgear.sk\/en\/product\/indoor-rack-fenrir\/","title":{"rendered":"RACK <span>FENRIR<\/span>"},"content":{"rendered":"<!DOCTYPE html PUBLIC \"-\/\/W3C\/\/DTD HTML 4.0 Transitional\/\/EN\" \"http:\/\/www.w3.org\/TR\/REC-html40\/loose.dtd\">\n<html><head><meta http-equiv=\"content-type\" content=\"text\/html; charset=utf-8\"><\/head><body><p>FENRIR je silov\u00e1 klietka typu POWER RACK. Stoj\u00ed na z\u00e1klade ob\u013e\u00faben\u00e9ho RACKu BALDER, ktor\u00fd sme pred\u013a\u017eili a pridali p\u00e1r vychyt\u00e1vok. S \u010dinkou sa cvi\u010d\u00ed len pred klietkou, ako je to u klasick\u00fdch HALF RACKoch. Vo vn\u00fatri klietky v\u0161ak n\u00e1jdete plonohodnotn\u00fd MULTIPRESS s protiv\u00e1hou. Ten, spolo\u010dne s kladkami FYZIO PULLEY DOUBLE, rob\u00ed z tejto kon\u0161trukcie naozajstn\u00e9 multifunk\u010dn\u00e9 mon\u0161trum. FENRIR navy\u0161e pon\u00faka miesto na odlo\u017eenie v\u0161etk\u00fdch doplnkov a n\u00e1radia. V\u0161etko s dostato\u010dn\u00fdm priestorom na cvi\u010denie bez kompromisov. Kon\u0161trukciu je mo\u017ene po konzult\u00e1cii s na\u0161im technikom, alebo po obhliadke upravi\u0165 tak, aby splnila v\u0161etky Va\u0161e po\u017eiadavky.<\/p>\n<\/body><\/html>","protected":false},"excerpt":{"rendered":"<table>\n<tbody>\n<tr>\n<td>Uprights:<\/td>\n<td>RACK (s platni\u010dkou pre jednu kotvu)<\/td>\n<\/tr>\n<tr>\n<td>Verzia:<\/td>\n<td>SEMI\/PRO<\/td>\n<\/tr>\n<tr>\n<td>Height:<\/td>\n<td>2400 mm (2520 mm s PULLEY FYZIO DOUBLE)<\/td>\n<\/tr>\n<tr>\n<td>Alternat\u00edvy:<\/td>\n<td>2240\/2400\/na mieru mm<\/td>\n<\/tr>\n<tr>\n<td>Width:<\/td>\n<td>1240 mm (2150 mm s MULTIPRESS)<\/td>\n<\/tr>\n<tr>\n<td>Depth:<\/td>\n<td>1870 mm (2066 mm so SAFETY ARMS)<\/td>\n<\/tr>\n<tr>\n<td>Profile:<\/td>\n<td>80x80x3\/4 mm<\/td>\n<\/tr>\n<tr>\n<td>Mounting:<\/td>\n<td>floor mounting \/ unnecessary<\/td>\n<\/tr>\n<tr>\n<td>Info:<\/td>\n<td>je mo\u017en\u00e9 zameni\u0165 prvky pod\u013ea vlastn\u00e9ho v\u00fdberu<\/td>\n<\/tr>\n<tr>\n<td>Color:<\/td>\n<td>pod\u013ea palety <a href=\"https:\/\/wodgear.sk\/wp-content\/uploads\/2024\/11\/vzorkovnik_palety_ral.pdf\"><span style=\"color: #000000;\">RAL<\/span><\/a><\/td>\n<\/tr>\n<tr>\n<td>Manufacturer:<\/td>\n<td>WODGEAR, s.r.o. SVK<\/td>\n<\/tr>\n<\/tbody>\n<\/table>","protected":false},"featured_media":28028,"template":"","meta":[],"yoast_head":"<!-- This site is optimized with the Yoast SEO plugin v14.8.1 - https:\/\/yoast.com\/wordpress\/plugins\/seo\/ -->\n<title>WODGEAR | RACK FENRIR<\/title>\n<meta name=\"description\" content=\"FENRIR je silov\u00e1 klietka typu POWER RACK. Vo vn\u00fatri klietky v\u0161ak n\u00e1jdete plonohodnotn\u00fd MULTIPRESS s protiv\u00e1hou a dvojit\u00e9 protismern\u00e9 kladky.\" \/>\n<meta name=\"robots\" content=\"index, follow\" \/>\n<meta name=\"googlebot\" content=\"index, follow, max-snippet:-1, max-image-preview:large, max-video-preview:-1\" \/>\n<meta name=\"bingbot\" content=\"index, follow, max-snippet:-1, max-image-preview:large, max-video-preview:-1\" \/>\n<link rel=\"canonical\" href=\"https:\/\/wodgear.sk\/en\/product\/indoor-rack-fenrir\/\" \/>\n<meta property=\"og:locale\" content=\"en_US\" \/>\n<meta property=\"og:type\" content=\"article\" \/>\n<meta property=\"og:title\" content=\"WODGEAR | RACK FENRIR\" \/>\n<meta property=\"og:description\" content=\"FENRIR je silov\u00e1 klietka typu POWER RACK. Vo vn\u00fatri klietky v\u0161ak n\u00e1jdete plonohodnotn\u00fd MULTIPRESS s protiv\u00e1hou a dvojit\u00e9 protismern\u00e9 kladky.\" \/>\n<meta property=\"og:url\" content=\"https:\/\/wodgear.sk\/en\/product\/indoor-rack-fenrir\/\" \/>\n<meta property=\"og:site_name\" content=\"WODGEAR\" \/>\n<meta property=\"article:modified_time\" content=\"2026-03-25T06:43:54+00:00\" \/>\n<meta property=\"og:image\" content=\"https:\/\/wodgear.sk\/wp-content\/uploads\/2025\/10\/rack-fenrir_seo.png\" \/>\n\t<meta property=\"og:image:width\" content=\"1200\" \/>\n\t<meta property=\"og:image:height\" content=\"800\" \/>\n<meta name=\"twitter:card\" content=\"summary_large_image\" \/>\n<script type=\"application\/ld+json\" class=\"yoast-schema-graph\">{\"@context\":\"https:\/\/schema.org\",\"@graph\":[{\"@type\":\"WebSite\",\"@id\":\"https:\/\/wodgear.sk\/en\/#website\",\"url\":\"https:\/\/wodgear.sk\/en\/\",\"name\":\"WODGEAR\",\"description\":\"#MakingLifeHarder\",\"potentialAction\":[{\"@type\":\"SearchAction\",\"target\":\"https:\/\/wodgear.sk\/en\/?s={search_term_string}\",\"query-input\":\"required name=search_term_string\"}],\"inLanguage\":\"en-US\"},{\"@type\":\"ImageObject\",\"@id\":\"https:\/\/wodgear.sk\/produkt\/indoor-rack-fenrir\/#primaryimage\",\"inLanguage\":\"en-US\",\"url\":\"https:\/\/wodgear.sk\/wp-content\/uploads\/2025\/10\/rack-fenrir_main.png\",\"width\":1200,\"height\":800},{\"@type\":\"WebPage\",\"@id\":\"https:\/\/wodgear.sk\/produkt\/indoor-rack-fenrir\/#webpage\",\"url\":\"https:\/\/wodgear.sk\/produkt\/indoor-rack-fenrir\/\",\"name\":\"WODGEAR | RACK FENRIR\",\"isPartOf\":{\"@id\":\"https:\/\/wodgear.sk\/en\/#website\"},\"primaryImageOfPage\":{\"@id\":\"https:\/\/wodgear.sk\/produkt\/indoor-rack-fenrir\/#primaryimage\"},\"datePublished\":\"2019-04-29T14:24:21+00:00\",\"dateModified\":\"2026-03-25T06:43:54+00:00\",\"description\":\"FENRIR je silov\\u00e1 klietka typu POWER RACK. Vo vn\\u00fatri klietky v\\u0161ak n\\u00e1jdete plonohodnotn\\u00fd MULTIPRESS s protiv\\u00e1hou a dvojit\\u00e9 protismern\\u00e9 kladky.\",\"inLanguage\":\"en-US\",\"potentialAction\":[{\"@type\":\"ReadAction\",\"target\":[\"https:\/\/wodgear.sk\/produkt\/indoor-rack-fenrir\/\"]}]}]}<\/script>\n<!-- \/ Yoast SEO plugin. -->","_links":{"self":[{"href":"https:\/\/wodgear.sk\/en\/wp-json\/wp\/v2\/product\/9375"}],"collection":[{"href":"https:\/\/wodgear.sk\/en\/wp-json\/wp\/v2\/product"}],"about":[{"href":"https:\/\/wodgear.sk\/en\/wp-json\/wp\/v2\/types\/product"}],"wp:featuredmedia":[{"embeddable":true,"href":"https:\/\/wodgear.sk\/en\/wp-json\/wp\/v2\/media\/28028"}],"wp:attachment":[{"href":"https:\/\/wodgear.sk\/en\/wp-json\/wp\/v2\/media?parent=9375"}],"curies":[{"name":"wp","href":"https:\/\/api.w.org\/{rel}","templated":true}]}}