{"id":9767,"date":"2019-07-05T14:27:07","date_gmt":"2019-07-05T12:27:07","guid":{"rendered":"https:\/\/wodgear.sk\/?post_type=product&#038;p=9767"},"modified":"2024-11-14T17:38:44","modified_gmt":"2024-11-14T16:38:44","slug":"home-paralety-pro","status":"publish","type":"product","link":"https:\/\/wodgear.sk\/en\/product\/home-paralety-pro\/","title":{"rendered":"PARALETY <span>PRO<\/span>"},"content":{"rendered":"<!DOCTYPE html PUBLIC \"-\/\/W3C\/\/DTD HTML 4.0 Transitional\/\/EN\" \"http:\/\/www.w3.org\/TR\/REC-html40\/loose.dtd\">\n<html><head><meta http-equiv=\"content-type\" content=\"text\/html; charset=utf-8\"><\/head><body><p>PARALETY PRO is the perfect choice for the ones searching for push-up stands without any compromises. Handles have an ideal 34mm diameter and 250 and 280mm height, making them a great gadget for functional and street workout. They are intended mainly for push ups, planches, L-sits and other different strength, conditioning and balance exercises. They are made of the highest quality materials with emphasis to stability and durability. Legs are made of durable plastic with special grooves to minimize the movement during the workout and to protect the floor from damage.<\/p>\n<\/body><\/html>","protected":false},"excerpt":{"rendered":"<table>\n<tbody>\n<tr>\n<td>Height:<\/td>\n<td>250 mm<\/td>\n<\/tr>\n<tr>\n<td>Width:<\/td>\n<td>410 mm<\/td>\n<\/tr>\n<tr>\n<td>Depth:<\/td>\n<td>244 mm<\/td>\n<\/tr>\n<tr>\n<td>Diameter:<\/td>\n<td>34 mm<\/td>\n<\/tr>\n<tr>\n<td>Legs:<\/td>\n<td>platic\/polyurethane<\/td>\n<\/tr>\n<tr>\n<td>Info:<\/td>\n<td>possibility to make with your own logo<\/td>\n<\/tr>\n<tr>\n<td>Color:<\/td>\n<td>pod\u013ea palety <a href=\"https:\/\/wodgear.sk\/wp-content\/uploads\/2024\/11\/vzorkovnik_palety_ral.pdf\"><span style=\"color: #000000;\">RAL<\/span><\/a><\/td>\n<\/tr>\n<tr>\n<td>Manufacturer:<\/td>\n<td>WODGEAR, s.r.o. SVK<\/td>\n<\/tr>\n<\/tbody>\n<\/table>","protected":false},"featured_media":16372,"template":"","meta":[],"yoast_head":"<!-- This site is optimized with the Yoast SEO plugin v14.8.1 - https:\/\/yoast.com\/wordpress\/plugins\/seo\/ -->\n<title>WODGEAR | PARALETY PRO<\/title>\n<meta name=\"description\" content=\"PARALETY PRO s\u00fa ide\u00e1lnou vo\u013ebou pre toho, kto h\u013ead\u00e1 stalky bez ak\u00fdchko\u013evek kompromisov. Ide\u00e1lne pre street workout, funk\u010dn\u00fd tr\u00e9ning alebo fitness.\" \/>\n<meta name=\"robots\" content=\"index, follow\" \/>\n<meta name=\"googlebot\" content=\"index, follow, max-snippet:-1, max-image-preview:large, max-video-preview:-1\" \/>\n<meta name=\"bingbot\" content=\"index, follow, max-snippet:-1, max-image-preview:large, max-video-preview:-1\" \/>\n<link rel=\"canonical\" href=\"https:\/\/wodgear.sk\/en\/product\/home-paralety-pro\/\" \/>\n<meta property=\"og:locale\" content=\"en_US\" \/>\n<meta property=\"og:type\" content=\"article\" \/>\n<meta property=\"og:title\" content=\"ODGEAR | PARALETY PRO\" \/>\n<meta property=\"og:description\" content=\"PARALETY PRO s\u00fa ide\u00e1lnou vo\u013ebou pre toho, kto h\u013ead\u00e1 stalky bez ak\u00fdchko\u013evek kompromisov. Ide\u00e1lne pre street workout, funk\u010dn\u00fd tr\u00e9ning alebo fitness.\" \/>\n<meta property=\"og:url\" content=\"https:\/\/wodgear.sk\/en\/product\/home-paralety-pro\/\" \/>\n<meta property=\"og:site_name\" content=\"WODGEAR\" \/>\n<meta property=\"article:modified_time\" content=\"2024-11-14T16:38:44+00:00\" \/>\n<meta property=\"og:image\" content=\"https:\/\/wodgear.sk\/wp-content\/uploads\/2020\/04\/paralety_pro_seo.png\" \/>\n\t<meta property=\"og:image:width\" content=\"1200\" \/>\n\t<meta property=\"og:image:height\" content=\"800\" \/>\n<meta name=\"twitter:card\" content=\"summary_large_image\" \/>\n<script type=\"application\/ld+json\" class=\"yoast-schema-graph\">{\"@context\":\"https:\/\/schema.org\",\"@graph\":[{\"@type\":\"WebSite\",\"@id\":\"https:\/\/wodgear.sk\/en\/#website\",\"url\":\"https:\/\/wodgear.sk\/en\/\",\"name\":\"WODGEAR\",\"description\":\"#MakingLifeHarder\",\"potentialAction\":[{\"@type\":\"SearchAction\",\"target\":\"https:\/\/wodgear.sk\/en\/?s={search_term_string}\",\"query-input\":\"required name=search_term_string\"}],\"inLanguage\":\"en-US\"},{\"@type\":\"ImageObject\",\"@id\":\"https:\/\/wodgear.sk\/produkt\/home-paralety-pro\/#primaryimage\",\"inLanguage\":\"en-US\",\"url\":\"https:\/\/wodgear.sk\/wp-content\/uploads\/2020\/04\/paralety_pro_var_0a_blue.png\",\"width\":1200,\"height\":800},{\"@type\":\"WebPage\",\"@id\":\"https:\/\/wodgear.sk\/produkt\/home-paralety-pro\/#webpage\",\"url\":\"https:\/\/wodgear.sk\/produkt\/home-paralety-pro\/\",\"name\":\"WODGEAR | PARALETY PRO\",\"isPartOf\":{\"@id\":\"https:\/\/wodgear.sk\/en\/#website\"},\"primaryImageOfPage\":{\"@id\":\"https:\/\/wodgear.sk\/produkt\/home-paralety-pro\/#primaryimage\"},\"datePublished\":\"2019-07-05T12:27:07+00:00\",\"dateModified\":\"2024-11-14T16:38:44+00:00\",\"description\":\"PARALETY PRO s\\u00fa ide\\u00e1lnou vo\\u013ebou pre toho, kto h\\u013ead\\u00e1 stalky bez ak\\u00fdchko\\u013evek kompromisov. Ide\\u00e1lne pre street workout, funk\\u010dn\\u00fd tr\\u00e9ning alebo fitness.\",\"inLanguage\":\"en-US\",\"potentialAction\":[{\"@type\":\"ReadAction\",\"target\":[\"https:\/\/wodgear.sk\/produkt\/home-paralety-pro\/\"]}]}]}<\/script>\n<!-- \/ Yoast SEO plugin. -->","_links":{"self":[{"href":"https:\/\/wodgear.sk\/en\/wp-json\/wp\/v2\/product\/9767"}],"collection":[{"href":"https:\/\/wodgear.sk\/en\/wp-json\/wp\/v2\/product"}],"about":[{"href":"https:\/\/wodgear.sk\/en\/wp-json\/wp\/v2\/types\/product"}],"wp:featuredmedia":[{"embeddable":true,"href":"https:\/\/wodgear.sk\/en\/wp-json\/wp\/v2\/media\/16372"}],"wp:attachment":[{"href":"https:\/\/wodgear.sk\/en\/wp-json\/wp\/v2\/media?parent=9767"}],"curies":[{"name":"wp","href":"https:\/\/api.w.org\/{rel}","templated":true}]}}